{"id":1093,"date":"2020-04-28T11:37:53","date_gmt":"2020-04-28T09:37:53","guid":{"rendered":"https:\/\/www.ruhlmann-schutz.fr\/?page_id=1093"},"modified":"2020-04-28T11:37:53","modified_gmt":"2020-04-28T09:37:53","slug":"terms-conditions","status":"publish","type":"page","link":"https:\/\/www.ruhlmann-schutz.fr\/en\/terms-conditions\/","title":{"rendered":"Terms &#038; Conditions"},"content":{"rendered":"<p>Our prices are free of charge and delivered to your home (from 18 bottles), duties, VAT, glass and packaging included.<\/p>\n<p>Shipping in cardboard boxes of 6 or 12 assorted bottles according to the order. The mixture between Alsace Wines and Corbi\u00e8res Wines is possible.<\/p>\n<h2>QUANTITY DISCOUNT :<\/h2>\n<ul>\n<li>3% from 36 bottles,<\/li>\n<li>5% from 60 bottles,<\/li>\n<li>10% from 120 bottles,<\/li>\n<li>15% from 300 bottles.<\/li>\n<\/ul>\n<h2>SHIPPING IN ALSACE (67-68) \/ PICK-UP AT OUR SALES POINT :<\/h2>\n<p>To thank you for coming to our cellar, in Alsace or in the Corbi\u00e8res, we grant you a discount of 1,50 \u20ac \/ bottle.<\/p>\n<p>In this case, the granted quantity discount will be as follow :<\/p>\n<ul>\n<li>-3% from 60 bottles,<\/li>\n<li>-4% from 90 bottles,<\/li>\n<li>-5% from 120 bottles,<\/li>\n<li>-10% from 300 bottles.<\/li>\n<\/ul>\n<p><strong>Address of the cellar in Alsace :<\/strong> 34 rue du Mar\u00e9chal Foch, 67650 Dambach-la-Ville FRANCE<\/p>\n<p><strong>Address of the cellar Ch\u00e2teau Valmont :<\/strong> Lieu dit \u00abFerrier\u00bb 11440 Peyriac-de-Mer FRANCE<\/p>\n<p>Wines available in Ch\u00e2teau Valmont : the whole line of Corbi\u00e8res wines, Riesling, Pinot-Gris and Gewurztraminer from the traditional line, Riesling, Pinot-Gris and Gewurztraminer from the Grand Cru Frankstein, the Cr\u00e9mant Brut, the Cr\u00e9mant Ros\u00e9 and the Etoile de Rose.<\/p>\n<h2>SHIPPING :<\/h2>\n<p>Transport is free from 18 bottles, for orders under 18 bottles,\u00a0a fixed price of 12,00\u20ac extra for shipping costs will be requested.<\/p>\n<p>Approved from our cellars, the goods travel under the responsibility of the carriers and consignees. In the interest of our customers, we advise them to check our packages in the presence of the delivery person,\u00a0to immediately make the necessary reservations in the event of damage or dispute and to inform us accordingly. No recourse is possible after delivery.<\/p>\n<p>Our carriers are specialized for wine shipping, a phone number is necessary because the carrier commits himself to contact you to arrange an appointment for the delivery.<\/p>\n<h2>STORAGE &amp; TASTING :<\/h2>\n<p>Serve the Alsace wines cool but not iced. Serve the Corbi\u00e8res wines between 15 and 18\u00b0C. To keep the quality of wine, it is necessary to store the bottles lying down, in a cool cellar and away from the light.<\/p>\n<p>Offer valid in metropolitan France and reserved for private individuals, not cumulative with any commercial offer and within the limit of available quantities and subject to change of vintages. No discount for early payment.<\/p>\n<p>In accordance with the\u00a0data protection law and freedoms from 6th January 1978, you have the right to access and rectify data concerning you.<\/p>\n<p>This tariff cancels and replaces all previous ones.<\/p>\n<p>SARL RUHLMANN-SCHUTZ au capital de 400 000\u20ac. Si\u00e8ge social : 34, rue du Mar\u00e9chal Foch, 67650 Dambach-la-Ville. SIRET : 402 412 365 000 15 \u2013 APE 4634Z \u2013 T.V.A. FR 364 024 123 65<\/p>\n<p>T\u00e9l. 03 88 92 41 86 \u2013 Fax. 03 88 92 61 81 \u2013 Email : vins@ruhlmann-schutz.fr \u2013 www.ruhlmann-schutz.fr<\/p>\n","protected":false},"excerpt":{"rendered":"<p>Our prices are free of charge and delivered to your home (from 18 bottles), duties, VAT, glass and packaging included. Shipping in cardboard boxes of 6 or 12 assorted bottles according to the order. The mixture between Alsace Wines and Corbi\u00e8res Wines is possible. QUANTITY DISCOUNT : 3% from 36 bottles, 5% from 60 bottles, [&hellip;]<\/p>\n","protected":false},"author":80,"featured_media":0,"parent":0,"menu_order":0,"comment_status":"closed","ping_status":"closed","template":"","meta":{"_acf_changed":false,"footnotes":""},"class_list":["post-1093","page","type-page","status-publish","hentry"],"acf":[],"yoast_head":"<!-- This site is optimized with the Yoast SEO plugin v27.3 - https:\/\/yoast.com\/product\/yoast-seo-wordpress\/ -->\n<title>Terms &amp; Conditions &#8211; Famille Ruhlmann-Schutz<\/title>\n<meta name=\"description\" content=\"Our prices are free of charge and delivered to your home (from 18 bottles), duties, VAT, glass and packaging included. Shipping in cardboard boxes of 6 or\" \/>\n<meta name=\"robots\" content=\"index, follow, max-snippet:-1, max-image-preview:large, max-video-preview:-1\" \/>\n<link rel=\"canonical\" href=\"https:\/\/www.ruhlmann-schutz.fr\/en\/terms-conditions\/\" \/>\n<meta property=\"og:locale\" content=\"en_US\" \/>\n<meta property=\"og:type\" content=\"article\" \/>\n<meta property=\"og:title\" content=\"Terms &amp; Conditions &#8211; Famille Ruhlmann-Schutz\" \/>\n<meta property=\"og:description\" content=\"Our prices are free of charge and delivered to your home (from 18 bottles), duties, VAT, glass and packaging included. Shipping in cardboard boxes of 6 or\" \/>\n<meta property=\"og:url\" content=\"https:\/\/www.ruhlmann-schutz.fr\/en\/terms-conditions\/\" \/>\n<meta property=\"og:site_name\" content=\"Famille Ruhlmann-Schutz\" \/>\n<meta property=\"article:publisher\" content=\"https:\/\/www.facebook.com\/RuhlmannSchutz\/\" \/>\n<meta name=\"twitter:card\" content=\"summary_large_image\" \/>\n<meta name=\"twitter:site\" content=\"@ruhlmannschutz\" \/>\n<meta name=\"twitter:label1\" content=\"Est. reading time\" \/>\n\t<meta name=\"twitter:data1\" content=\"2 minutes\" \/>\n<script type=\"application\/ld+json\" class=\"yoast-schema-graph\">{\"@context\":\"https:\\\/\\\/schema.org\",\"@graph\":[{\"@type\":\"WebPage\",\"@id\":\"https:\\\/\\\/www.ruhlmann-schutz.fr\\\/en\\\/terms-conditions\\\/\",\"url\":\"https:\\\/\\\/www.ruhlmann-schutz.fr\\\/en\\\/terms-conditions\\\/\",\"name\":\"Terms & Conditions &#8211; Famille Ruhlmann-Schutz\",\"isPartOf\":{\"@id\":\"https:\\\/\\\/www.ruhlmann-schutz.fr\\\/en\\\/#website\"},\"datePublished\":\"2020-04-28T09:37:53+00:00\",\"description\":\"Our prices are free of charge and delivered to your home (from 18 bottles), duties, VAT, glass and packaging included. Shipping in cardboard boxes of 6 or\",\"breadcrumb\":{\"@id\":\"https:\\\/\\\/www.ruhlmann-schutz.fr\\\/en\\\/terms-conditions\\\/#breadcrumb\"},\"inLanguage\":\"en-US\",\"potentialAction\":[{\"@type\":\"ReadAction\",\"target\":[\"https:\\\/\\\/www.ruhlmann-schutz.fr\\\/en\\\/terms-conditions\\\/\"]}]},{\"@type\":\"BreadcrumbList\",\"@id\":\"https:\\\/\\\/www.ruhlmann-schutz.fr\\\/en\\\/terms-conditions\\\/#breadcrumb\",\"itemListElement\":[{\"@type\":\"ListItem\",\"position\":1,\"name\":\"Accueil\",\"item\":\"https:\\\/\\\/www.ruhlmann-schutz.fr\\\/en\\\/\"},{\"@type\":\"ListItem\",\"position\":2,\"name\":\"Terms &#038; Conditions\"}]},{\"@type\":\"WebSite\",\"@id\":\"https:\\\/\\\/www.ruhlmann-schutz.fr\\\/en\\\/#website\",\"url\":\"https:\\\/\\\/www.ruhlmann-schutz.fr\\\/en\\\/\",\"name\":\"Les Vignobles Ruhlmann-Schutz\",\"description\":\"Vins d&#039;Alsace et du Languedoc\",\"publisher\":{\"@id\":\"https:\\\/\\\/www.ruhlmann-schutz.fr\\\/en\\\/#organization\"},\"potentialAction\":[{\"@type\":\"SearchAction\",\"target\":{\"@type\":\"EntryPoint\",\"urlTemplate\":\"https:\\\/\\\/www.ruhlmann-schutz.fr\\\/en\\\/?s={search_term_string}\"},\"query-input\":{\"@type\":\"PropertyValueSpecification\",\"valueRequired\":true,\"valueName\":\"search_term_string\"}}],\"inLanguage\":\"en-US\"},{\"@type\":\"Organization\",\"@id\":\"https:\\\/\\\/www.ruhlmann-schutz.fr\\\/en\\\/#organization\",\"name\":\"Les Vignobles Ruhlmann-Schutz\",\"url\":\"https:\\\/\\\/www.ruhlmann-schutz.fr\\\/en\\\/\",\"logo\":{\"@type\":\"ImageObject\",\"inLanguage\":\"en-US\",\"@id\":\"https:\\\/\\\/www.ruhlmann-schutz.fr\\\/en\\\/#\\\/schema\\\/logo\\\/image\\\/\",\"url\":\"https:\\\/\\\/www.ruhlmann-schutz.fr\\\/wp-content\\\/uploads\\\/2017\\\/06\\\/vignobles-ruhlmann-schutz-social.png\",\"contentUrl\":\"https:\\\/\\\/www.ruhlmann-schutz.fr\\\/wp-content\\\/uploads\\\/2017\\\/06\\\/vignobles-ruhlmann-schutz-social.png\",\"width\":400,\"height\":400,\"caption\":\"Les Vignobles Ruhlmann-Schutz\"},\"image\":{\"@id\":\"https:\\\/\\\/www.ruhlmann-schutz.fr\\\/en\\\/#\\\/schema\\\/logo\\\/image\\\/\"},\"sameAs\":[\"https:\\\/\\\/www.facebook.com\\\/RuhlmannSchutz\\\/\",\"https:\\\/\\\/x.com\\\/ruhlmannschutz\",\"https:\\\/\\\/www.instagram.com\\\/ruhlmannschutz\\\/\",\"https:\\\/\\\/www.youtube.com\\\/channel\\\/UCl74BhQvg1IeEwdPxFD35zg\"]}]}<\/script>\n<!-- \/ Yoast SEO plugin. -->","yoast_head_json":{"title":"Terms & Conditions &#8211; Famille Ruhlmann-Schutz","description":"Our prices are free of charge and delivered to your home (from 18 bottles), duties, VAT, glass and packaging included. Shipping in cardboard boxes of 6 or","robots":{"index":"index","follow":"follow","max-snippet":"max-snippet:-1","max-image-preview":"max-image-preview:large","max-video-preview":"max-video-preview:-1"},"canonical":"https:\/\/www.ruhlmann-schutz.fr\/en\/terms-conditions\/","og_locale":"en_US","og_type":"article","og_title":"Terms & Conditions &#8211; Famille Ruhlmann-Schutz","og_description":"Our prices are free of charge and delivered to your home (from 18 bottles), duties, VAT, glass and packaging included. Shipping in cardboard boxes of 6 or","og_url":"https:\/\/www.ruhlmann-schutz.fr\/en\/terms-conditions\/","og_site_name":"Famille Ruhlmann-Schutz","article_publisher":"https:\/\/www.facebook.com\/RuhlmannSchutz\/","twitter_card":"summary_large_image","twitter_site":"@ruhlmannschutz","twitter_misc":{"Est. reading time":"2 minutes"},"schema":{"@context":"https:\/\/schema.org","@graph":[{"@type":"WebPage","@id":"https:\/\/www.ruhlmann-schutz.fr\/en\/terms-conditions\/","url":"https:\/\/www.ruhlmann-schutz.fr\/en\/terms-conditions\/","name":"Terms & Conditions &#8211; Famille Ruhlmann-Schutz","isPartOf":{"@id":"https:\/\/www.ruhlmann-schutz.fr\/en\/#website"},"datePublished":"2020-04-28T09:37:53+00:00","description":"Our prices are free of charge and delivered to your home (from 18 bottles), duties, VAT, glass and packaging included. Shipping in cardboard boxes of 6 or","breadcrumb":{"@id":"https:\/\/www.ruhlmann-schutz.fr\/en\/terms-conditions\/#breadcrumb"},"inLanguage":"en-US","potentialAction":[{"@type":"ReadAction","target":["https:\/\/www.ruhlmann-schutz.fr\/en\/terms-conditions\/"]}]},{"@type":"BreadcrumbList","@id":"https:\/\/www.ruhlmann-schutz.fr\/en\/terms-conditions\/#breadcrumb","itemListElement":[{"@type":"ListItem","position":1,"name":"Accueil","item":"https:\/\/www.ruhlmann-schutz.fr\/en\/"},{"@type":"ListItem","position":2,"name":"Terms &#038; Conditions"}]},{"@type":"WebSite","@id":"https:\/\/www.ruhlmann-schutz.fr\/en\/#website","url":"https:\/\/www.ruhlmann-schutz.fr\/en\/","name":"Les Vignobles Ruhlmann-Schutz","description":"Vins d&#039;Alsace et du Languedoc","publisher":{"@id":"https:\/\/www.ruhlmann-schutz.fr\/en\/#organization"},"potentialAction":[{"@type":"SearchAction","target":{"@type":"EntryPoint","urlTemplate":"https:\/\/www.ruhlmann-schutz.fr\/en\/?s={search_term_string}"},"query-input":{"@type":"PropertyValueSpecification","valueRequired":true,"valueName":"search_term_string"}}],"inLanguage":"en-US"},{"@type":"Organization","@id":"https:\/\/www.ruhlmann-schutz.fr\/en\/#organization","name":"Les Vignobles Ruhlmann-Schutz","url":"https:\/\/www.ruhlmann-schutz.fr\/en\/","logo":{"@type":"ImageObject","inLanguage":"en-US","@id":"https:\/\/www.ruhlmann-schutz.fr\/en\/#\/schema\/logo\/image\/","url":"https:\/\/www.ruhlmann-schutz.fr\/wp-content\/uploads\/2017\/06\/vignobles-ruhlmann-schutz-social.png","contentUrl":"https:\/\/www.ruhlmann-schutz.fr\/wp-content\/uploads\/2017\/06\/vignobles-ruhlmann-schutz-social.png","width":400,"height":400,"caption":"Les Vignobles Ruhlmann-Schutz"},"image":{"@id":"https:\/\/www.ruhlmann-schutz.fr\/en\/#\/schema\/logo\/image\/"},"sameAs":["https:\/\/www.facebook.com\/RuhlmannSchutz\/","https:\/\/x.com\/ruhlmannschutz","https:\/\/www.instagram.com\/ruhlmannschutz\/","https:\/\/www.youtube.com\/channel\/UCl74BhQvg1IeEwdPxFD35zg"]}]}},"_links":{"self":[{"href":"https:\/\/www.ruhlmann-schutz.fr\/en\/wp-json\/wp\/v2\/pages\/1093","targetHints":{"allow":["GET"]}}],"collection":[{"href":"https:\/\/www.ruhlmann-schutz.fr\/en\/wp-json\/wp\/v2\/pages"}],"about":[{"href":"https:\/\/www.ruhlmann-schutz.fr\/en\/wp-json\/wp\/v2\/types\/page"}],"author":[{"embeddable":true,"href":"https:\/\/www.ruhlmann-schutz.fr\/en\/wp-json\/wp\/v2\/users\/80"}],"replies":[{"embeddable":true,"href":"https:\/\/www.ruhlmann-schutz.fr\/en\/wp-json\/wp\/v2\/comments?post=1093"}],"version-history":[{"count":4,"href":"https:\/\/www.ruhlmann-schutz.fr\/en\/wp-json\/wp\/v2\/pages\/1093\/revisions"}],"predecessor-version":[{"id":1125,"href":"https:\/\/www.ruhlmann-schutz.fr\/en\/wp-json\/wp\/v2\/pages\/1093\/revisions\/1125"}],"wp:attachment":[{"href":"https:\/\/www.ruhlmann-schutz.fr\/en\/wp-json\/wp\/v2\/media?parent=1093"}],"curies":[{"name":"wp","href":"https:\/\/api.w.org\/{rel}","templated":true}]}}