{"id":10900,"date":"2025-11-25T16:30:49","date_gmt":"2025-11-25T15:30:49","guid":{"rendered":"https:\/\/www.ruhlmann-schutz.fr\/?post_type=product&#038;p=10900"},"modified":"2026-03-03T17:36:57","modified_gmt":"2026-03-03T16:36:57","slug":"les-alizes-chateau-valmont","status":"publish","type":"product","link":"https:\/\/www.ruhlmann-schutz.fr\/en\/vins\/les-alizes-chateau-valmont\/","title":{"rendered":"Les Aliz\u00e9s &#8211; Ch\u00e2teau Valmont"},"content":{"rendered":"<p>Les Aliz\u00e9s is a dry, light, and decidedly fresh white wine, designed for those who enjoy simple, bright, and very easy-to-drink vintages. Its fruity expression, carried by notes of white-fleshed fruits and a delicate vegetal touch, makes it an ideal wine for all convivial moments.<\/p>\n","protected":false},"excerpt":{"rendered":"<p>Feel the breeze<\/p>\n<p><img loading=\"lazy\" decoding=\"async\" class=\"alignnone wp-image-9286\" src=\"https:\/\/www.ruhlmann-schutz.fr\/wp-content\/uploads\/2018\/06\/logo-certification-agriculture-biologique.png\" alt=\"\" width=\"34\" height=\"48\" \/> <img loading=\"lazy\" decoding=\"async\" class=\"alignnone wp-image-9284\" src=\"https:\/\/www.ruhlmann-schutz.fr\/wp-content\/uploads\/2018\/06\/logo-certification-bio-europe.png\" alt=\"\" width=\"72\" height=\"48\" \/><\/p>\n","protected":false},"featured_media":11444,"comment_status":"open","ping_status":"closed","template":"","meta":{"_acf_changed":false},"product_brand":[],"product_cat":[395],"product_tag":[400,401,402,403,279],"class_list":{"0":"post-10900","1":"product","2":"type-product","3":"status-publish","4":"has-post-thumbnail","6":"product_cat-aop-corbieres","7":"product_tag-aoc","8":"product_tag-assemblage","9":"product_tag-chateau-valmont","10":"product_tag-corbieres","11":"product_tag-corbieres-blanc-en","12":"product_shipping_class-bouteille-75-cl","13":"product_appellation-corbieres-en","14":"product_accords-appetizer","15":"product_accords-cheese-platter","16":"product_accords-crispy-vegetables","17":"product_accords-crustaceans","18":"product_accords-fish","19":"product_accords-fish-and-seafood","20":"product_accords-fish-pie","21":"product_accords-goat-cheese","22":"product_accords-modern-food","23":"product_accords-mussels","24":"product_accords-oysters","25":"product_accords-poultry","26":"product_accords-reblochon-en","27":"product_accords-shellfish","28":"product_accords-starters","29":"product_accords-sushis-en","30":"product_moment-brunch","31":"cepage-grenache-blanc-en","32":"cepage-marsanne","33":"cepage-roussanne-en","35":"first","36":"instock","37":"taxable","38":"shipping-taxable","39":"purchasable","40":"product-type-simple"},"acf":[],"yoast_head":"<!-- This site is optimized with the Yoast SEO plugin v27.4 - https:\/\/yoast.com\/product\/yoast-seo-wordpress\/ -->\n<title>Les Aliz\u00e9s - Ch\u00e2teau Valmont &#8211; Famille Ruhlmann-Schutz<\/title>\n<meta name=\"description\" content=\"Les Aliz\u00e9s is a dry, light, and decidedly fresh white wine, designed for those who enjoy simple, bright, and very easy-to-drink vintages. Its fruity expression, carried by notes of white-fleshed fruits and a delicate vegetal touch, makes it an ideal wine for all convivial moments.\" \/>\n<meta name=\"robots\" content=\"index, follow, max-snippet:-1, max-image-preview:large, max-video-preview:-1\" \/>\n<link rel=\"canonical\" href=\"https:\/\/www.ruhlmann-schutz.fr\/en\/vins\/les-alizes-chateau-valmont\/\" \/>\n<meta property=\"og:locale\" content=\"en_US\" \/>\n<meta property=\"og:type\" content=\"article\" \/>\n<meta property=\"og:title\" content=\"Les Aliz\u00e9s - Ch\u00e2teau Valmont &#8211; Famille Ruhlmann-Schutz\" \/>\n<meta property=\"og:description\" content=\"Les Aliz\u00e9s is a dry, light, and decidedly fresh white wine, designed for those who enjoy simple, bright, and very easy-to-drink vintages. Its fruity expression, carried by notes of white-fleshed fruits and a delicate vegetal touch, makes it an ideal wine for all convivial moments.\" \/>\n<meta property=\"og:url\" content=\"https:\/\/www.ruhlmann-schutz.fr\/en\/vins\/les-alizes-chateau-valmont\/\" \/>\n<meta property=\"og:site_name\" content=\"Famille Ruhlmann-Schutz\" \/>\n<meta property=\"article:publisher\" content=\"https:\/\/www.facebook.com\/RuhlmannSchutz\/\" \/>\n<meta property=\"article:modified_time\" content=\"2026-03-03T16:36:57+00:00\" \/>\n<meta property=\"og:image\" content=\"https:\/\/www.ruhlmann-schutz.fr\/wp-content\/uploads\/2025\/11\/alizee-chateau-valmont-sans-millesime-scaled-e1772555725872.png\" \/>\n\t<meta property=\"og:image:width\" content=\"500\" \/>\n\t<meta property=\"og:image:height\" content=\"1910\" \/>\n\t<meta property=\"og:image:type\" content=\"image\/png\" \/>\n<meta name=\"twitter:card\" content=\"summary_large_image\" \/>\n<meta name=\"twitter:site\" content=\"@ruhlmannschutz\" \/>\n<meta name=\"twitter:label1\" content=\"Est. reading time\" \/>\n\t<meta name=\"twitter:data1\" content=\"1 minute\" \/>\n<script type=\"application\/ld+json\" class=\"yoast-schema-graph\">{\"@context\":\"https:\\\/\\\/schema.org\",\"@graph\":[{\"@type\":\"WebPage\",\"@id\":\"https:\\\/\\\/www.ruhlmann-schutz.fr\\\/en\\\/vins\\\/les-alizes-chateau-valmont\\\/\",\"url\":\"https:\\\/\\\/www.ruhlmann-schutz.fr\\\/en\\\/vins\\\/les-alizes-chateau-valmont\\\/\",\"name\":\"Les Aliz\u00e9s - Ch\u00e2teau Valmont &#8211; Famille Ruhlmann-Schutz\",\"isPartOf\":{\"@id\":\"https:\\\/\\\/www.ruhlmann-schutz.fr\\\/en\\\/#website\"},\"primaryImageOfPage\":{\"@id\":\"https:\\\/\\\/www.ruhlmann-schutz.fr\\\/en\\\/vins\\\/les-alizes-chateau-valmont\\\/#primaryimage\"},\"image\":{\"@id\":\"https:\\\/\\\/www.ruhlmann-schutz.fr\\\/en\\\/vins\\\/les-alizes-chateau-valmont\\\/#primaryimage\"},\"thumbnailUrl\":\"https:\\\/\\\/www.ruhlmann-schutz.fr\\\/wp-content\\\/uploads\\\/2025\\\/11\\\/alizee-chateau-valmont-sans-millesime-scaled-e1772555725872.png\",\"datePublished\":\"2025-11-25T15:30:49+00:00\",\"dateModified\":\"2026-03-03T16:36:57+00:00\",\"description\":\"Les Aliz\u00e9s is a dry, light, and decidedly fresh white wine, designed for those who enjoy simple, bright, and very easy-to-drink vintages. Its fruity expression, carried by notes of white-fleshed fruits and a delicate vegetal touch, makes it an ideal wine for all convivial moments.\",\"breadcrumb\":{\"@id\":\"https:\\\/\\\/www.ruhlmann-schutz.fr\\\/en\\\/vins\\\/les-alizes-chateau-valmont\\\/#breadcrumb\"},\"inLanguage\":\"en-US\",\"potentialAction\":[{\"@type\":\"ReadAction\",\"target\":[\"https:\\\/\\\/www.ruhlmann-schutz.fr\\\/en\\\/vins\\\/les-alizes-chateau-valmont\\\/\"]}]},{\"@type\":\"ImageObject\",\"inLanguage\":\"en-US\",\"@id\":\"https:\\\/\\\/www.ruhlmann-schutz.fr\\\/en\\\/vins\\\/les-alizes-chateau-valmont\\\/#primaryimage\",\"url\":\"https:\\\/\\\/www.ruhlmann-schutz.fr\\\/wp-content\\\/uploads\\\/2025\\\/11\\\/alizee-chateau-valmont-sans-millesime-scaled-e1772555725872.png\",\"contentUrl\":\"https:\\\/\\\/www.ruhlmann-schutz.fr\\\/wp-content\\\/uploads\\\/2025\\\/11\\\/alizee-chateau-valmont-sans-millesime-scaled-e1772555725872.png\",\"width\":500,\"height\":1910},{\"@type\":\"BreadcrumbList\",\"@id\":\"https:\\\/\\\/www.ruhlmann-schutz.fr\\\/en\\\/vins\\\/les-alizes-chateau-valmont\\\/#breadcrumb\",\"itemListElement\":[{\"@type\":\"ListItem\",\"position\":1,\"name\":\"Accueil\",\"item\":\"https:\\\/\\\/www.ruhlmann-schutz.fr\\\/en\\\/\"},{\"@type\":\"ListItem\",\"position\":2,\"name\":\"Our Alsace\u2019s and Corbi\u00e8res\u2019s wines\",\"item\":\"https:\\\/\\\/www.ruhlmann-schutz.fr\\\/en\\\/shop\\\/\"},{\"@type\":\"ListItem\",\"position\":3,\"name\":\"Wines of Languedoc\",\"item\":\"https:\\\/\\\/www.ruhlmann-schutz.fr\\\/en\\\/vins-alsace-et-corbieres\\\/chateau-valmont-corbieres\\\/\"},{\"@type\":\"ListItem\",\"position\":4,\"name\":\"AOP Corbi\u00e8res\",\"item\":\"https:\\\/\\\/www.ruhlmann-schutz.fr\\\/en\\\/vins-alsace-et-corbieres\\\/chateau-valmont-corbieres\\\/aop-corbieres\\\/\"},{\"@type\":\"ListItem\",\"position\":5,\"name\":\"Les Aliz\u00e9s &#8211; Ch\u00e2teau Valmont\"}]},{\"@type\":\"WebSite\",\"@id\":\"https:\\\/\\\/www.ruhlmann-schutz.fr\\\/en\\\/#website\",\"url\":\"https:\\\/\\\/www.ruhlmann-schutz.fr\\\/en\\\/\",\"name\":\"Les Vignobles Ruhlmann-Schutz\",\"description\":\"Vins d&#039;Alsace et du Languedoc\",\"publisher\":{\"@id\":\"https:\\\/\\\/www.ruhlmann-schutz.fr\\\/en\\\/#organization\"},\"potentialAction\":[{\"@type\":\"SearchAction\",\"target\":{\"@type\":\"EntryPoint\",\"urlTemplate\":\"https:\\\/\\\/www.ruhlmann-schutz.fr\\\/en\\\/?s={search_term_string}\"},\"query-input\":{\"@type\":\"PropertyValueSpecification\",\"valueRequired\":true,\"valueName\":\"search_term_string\"}}],\"inLanguage\":\"en-US\"},{\"@type\":\"Organization\",\"@id\":\"https:\\\/\\\/www.ruhlmann-schutz.fr\\\/en\\\/#organization\",\"name\":\"Les Vignobles Ruhlmann-Schutz\",\"url\":\"https:\\\/\\\/www.ruhlmann-schutz.fr\\\/en\\\/\",\"logo\":{\"@type\":\"ImageObject\",\"inLanguage\":\"en-US\",\"@id\":\"https:\\\/\\\/www.ruhlmann-schutz.fr\\\/en\\\/#\\\/schema\\\/logo\\\/image\\\/\",\"url\":\"https:\\\/\\\/www.ruhlmann-schutz.fr\\\/wp-content\\\/uploads\\\/2017\\\/06\\\/vignobles-ruhlmann-schutz-social.png\",\"contentUrl\":\"https:\\\/\\\/www.ruhlmann-schutz.fr\\\/wp-content\\\/uploads\\\/2017\\\/06\\\/vignobles-ruhlmann-schutz-social.png\",\"width\":400,\"height\":400,\"caption\":\"Les Vignobles Ruhlmann-Schutz\"},\"image\":{\"@id\":\"https:\\\/\\\/www.ruhlmann-schutz.fr\\\/en\\\/#\\\/schema\\\/logo\\\/image\\\/\"},\"sameAs\":[\"https:\\\/\\\/www.facebook.com\\\/RuhlmannSchutz\\\/\",\"https:\\\/\\\/x.com\\\/ruhlmannschutz\",\"https:\\\/\\\/www.instagram.com\\\/ruhlmannschutz\\\/\",\"https:\\\/\\\/www.youtube.com\\\/channel\\\/UCl74BhQvg1IeEwdPxFD35zg\"]}]}<\/script>\n<!-- \/ Yoast SEO plugin. -->","yoast_head_json":{"title":"Les Aliz\u00e9s - Ch\u00e2teau Valmont &#8211; Famille Ruhlmann-Schutz","description":"Les Aliz\u00e9s is a dry, light, and decidedly fresh white wine, designed for those who enjoy simple, bright, and very easy-to-drink vintages. Its fruity expression, carried by notes of white-fleshed fruits and a delicate vegetal touch, makes it an ideal wine for all convivial moments.","robots":{"index":"index","follow":"follow","max-snippet":"max-snippet:-1","max-image-preview":"max-image-preview:large","max-video-preview":"max-video-preview:-1"},"canonical":"https:\/\/www.ruhlmann-schutz.fr\/en\/vins\/les-alizes-chateau-valmont\/","og_locale":"en_US","og_type":"article","og_title":"Les Aliz\u00e9s - Ch\u00e2teau Valmont &#8211; Famille Ruhlmann-Schutz","og_description":"Les Aliz\u00e9s is a dry, light, and decidedly fresh white wine, designed for those who enjoy simple, bright, and very easy-to-drink vintages. Its fruity expression, carried by notes of white-fleshed fruits and a delicate vegetal touch, makes it an ideal wine for all convivial moments.","og_url":"https:\/\/www.ruhlmann-schutz.fr\/en\/vins\/les-alizes-chateau-valmont\/","og_site_name":"Famille Ruhlmann-Schutz","article_publisher":"https:\/\/www.facebook.com\/RuhlmannSchutz\/","article_modified_time":"2026-03-03T16:36:57+00:00","og_image":[{"width":500,"height":1910,"url":"https:\/\/www.ruhlmann-schutz.fr\/wp-content\/uploads\/2025\/11\/alizee-chateau-valmont-sans-millesime-scaled-e1772555725872.png","type":"image\/png"}],"twitter_card":"summary_large_image","twitter_site":"@ruhlmannschutz","twitter_misc":{"Est. reading time":"1 minute"},"schema":{"@context":"https:\/\/schema.org","@graph":[{"@type":"WebPage","@id":"https:\/\/www.ruhlmann-schutz.fr\/en\/vins\/les-alizes-chateau-valmont\/","url":"https:\/\/www.ruhlmann-schutz.fr\/en\/vins\/les-alizes-chateau-valmont\/","name":"Les Aliz\u00e9s - Ch\u00e2teau Valmont &#8211; Famille Ruhlmann-Schutz","isPartOf":{"@id":"https:\/\/www.ruhlmann-schutz.fr\/en\/#website"},"primaryImageOfPage":{"@id":"https:\/\/www.ruhlmann-schutz.fr\/en\/vins\/les-alizes-chateau-valmont\/#primaryimage"},"image":{"@id":"https:\/\/www.ruhlmann-schutz.fr\/en\/vins\/les-alizes-chateau-valmont\/#primaryimage"},"thumbnailUrl":"https:\/\/www.ruhlmann-schutz.fr\/wp-content\/uploads\/2025\/11\/alizee-chateau-valmont-sans-millesime-scaled-e1772555725872.png","datePublished":"2025-11-25T15:30:49+00:00","dateModified":"2026-03-03T16:36:57+00:00","description":"Les Aliz\u00e9s is a dry, light, and decidedly fresh white wine, designed for those who enjoy simple, bright, and very easy-to-drink vintages. Its fruity expression, carried by notes of white-fleshed fruits and a delicate vegetal touch, makes it an ideal wine for all convivial moments.","breadcrumb":{"@id":"https:\/\/www.ruhlmann-schutz.fr\/en\/vins\/les-alizes-chateau-valmont\/#breadcrumb"},"inLanguage":"en-US","potentialAction":[{"@type":"ReadAction","target":["https:\/\/www.ruhlmann-schutz.fr\/en\/vins\/les-alizes-chateau-valmont\/"]}]},{"@type":"ImageObject","inLanguage":"en-US","@id":"https:\/\/www.ruhlmann-schutz.fr\/en\/vins\/les-alizes-chateau-valmont\/#primaryimage","url":"https:\/\/www.ruhlmann-schutz.fr\/wp-content\/uploads\/2025\/11\/alizee-chateau-valmont-sans-millesime-scaled-e1772555725872.png","contentUrl":"https:\/\/www.ruhlmann-schutz.fr\/wp-content\/uploads\/2025\/11\/alizee-chateau-valmont-sans-millesime-scaled-e1772555725872.png","width":500,"height":1910},{"@type":"BreadcrumbList","@id":"https:\/\/www.ruhlmann-schutz.fr\/en\/vins\/les-alizes-chateau-valmont\/#breadcrumb","itemListElement":[{"@type":"ListItem","position":1,"name":"Accueil","item":"https:\/\/www.ruhlmann-schutz.fr\/en\/"},{"@type":"ListItem","position":2,"name":"Our Alsace\u2019s and Corbi\u00e8res\u2019s wines","item":"https:\/\/www.ruhlmann-schutz.fr\/en\/shop\/"},{"@type":"ListItem","position":3,"name":"Wines of Languedoc","item":"https:\/\/www.ruhlmann-schutz.fr\/en\/vins-alsace-et-corbieres\/chateau-valmont-corbieres\/"},{"@type":"ListItem","position":4,"name":"AOP Corbi\u00e8res","item":"https:\/\/www.ruhlmann-schutz.fr\/en\/vins-alsace-et-corbieres\/chateau-valmont-corbieres\/aop-corbieres\/"},{"@type":"ListItem","position":5,"name":"Les Aliz\u00e9s &#8211; Ch\u00e2teau Valmont"}]},{"@type":"WebSite","@id":"https:\/\/www.ruhlmann-schutz.fr\/en\/#website","url":"https:\/\/www.ruhlmann-schutz.fr\/en\/","name":"Les Vignobles Ruhlmann-Schutz","description":"Vins d&#039;Alsace et du Languedoc","publisher":{"@id":"https:\/\/www.ruhlmann-schutz.fr\/en\/#organization"},"potentialAction":[{"@type":"SearchAction","target":{"@type":"EntryPoint","urlTemplate":"https:\/\/www.ruhlmann-schutz.fr\/en\/?s={search_term_string}"},"query-input":{"@type":"PropertyValueSpecification","valueRequired":true,"valueName":"search_term_string"}}],"inLanguage":"en-US"},{"@type":"Organization","@id":"https:\/\/www.ruhlmann-schutz.fr\/en\/#organization","name":"Les Vignobles Ruhlmann-Schutz","url":"https:\/\/www.ruhlmann-schutz.fr\/en\/","logo":{"@type":"ImageObject","inLanguage":"en-US","@id":"https:\/\/www.ruhlmann-schutz.fr\/en\/#\/schema\/logo\/image\/","url":"https:\/\/www.ruhlmann-schutz.fr\/wp-content\/uploads\/2017\/06\/vignobles-ruhlmann-schutz-social.png","contentUrl":"https:\/\/www.ruhlmann-schutz.fr\/wp-content\/uploads\/2017\/06\/vignobles-ruhlmann-schutz-social.png","width":400,"height":400,"caption":"Les Vignobles Ruhlmann-Schutz"},"image":{"@id":"https:\/\/www.ruhlmann-schutz.fr\/en\/#\/schema\/logo\/image\/"},"sameAs":["https:\/\/www.facebook.com\/RuhlmannSchutz\/","https:\/\/x.com\/ruhlmannschutz","https:\/\/www.instagram.com\/ruhlmannschutz\/","https:\/\/www.youtube.com\/channel\/UCl74BhQvg1IeEwdPxFD35zg"]}]}},"_links":{"self":[{"href":"https:\/\/www.ruhlmann-schutz.fr\/en\/wp-json\/wp\/v2\/product\/10900","targetHints":{"allow":["GET"]}}],"collection":[{"href":"https:\/\/www.ruhlmann-schutz.fr\/en\/wp-json\/wp\/v2\/product"}],"about":[{"href":"https:\/\/www.ruhlmann-schutz.fr\/en\/wp-json\/wp\/v2\/types\/product"}],"replies":[{"embeddable":true,"href":"https:\/\/www.ruhlmann-schutz.fr\/en\/wp-json\/wp\/v2\/comments?post=10900"}],"wp:featuredmedia":[{"embeddable":true,"href":"https:\/\/www.ruhlmann-schutz.fr\/en\/wp-json\/wp\/v2\/media\/11444"}],"wp:attachment":[{"href":"https:\/\/www.ruhlmann-schutz.fr\/en\/wp-json\/wp\/v2\/media?parent=10900"}],"wp:term":[{"taxonomy":"product_brand","embeddable":true,"href":"https:\/\/www.ruhlmann-schutz.fr\/en\/wp-json\/wp\/v2\/product_brand?post=10900"},{"taxonomy":"product_cat","embeddable":true,"href":"https:\/\/www.ruhlmann-schutz.fr\/en\/wp-json\/wp\/v2\/product_cat?post=10900"},{"taxonomy":"product_tag","embeddable":true,"href":"https:\/\/www.ruhlmann-schutz.fr\/en\/wp-json\/wp\/v2\/product_tag?post=10900"}],"curies":[{"name":"wp","href":"https:\/\/api.w.org\/{rel}","templated":true}]}}