{"id":11460,"date":"2024-01-31T15:41:43","date_gmt":"2024-01-31T14:41:43","guid":{"rendered":"https:\/\/www.ruhlmann-schutz.fr\/vins\/xxii\/"},"modified":"2026-02-24T10:49:49","modified_gmt":"2026-02-24T09:49:49","slug":"xxii","status":"publish","type":"product","link":"https:\/\/www.ruhlmann-schutz.fr\/en\/vins\/xxii\/","title":{"rendered":"XXII"},"content":{"rendered":"<p>XXII is our estate&#8217;s UFO cuv\u00e9e&#8230; it is a unique blend of 22 grape varieties.<\/p>\n<p>A slightly tinted, dry, elegant, and structured wine. On the palate, it is a white wine.<\/p>\n","protected":false},"excerpt":{"rendered":"<p>XXII is our estate&#8217;s UFO cuv\u00e9e&#8230; it is a unique blend of 22 grape varieties.<\/p>\n<p>A slightly tinted, dry, elegant, and structured wine. On the palate, it is a white wine.<\/p>\n","protected":false},"featured_media":5650,"comment_status":"open","ping_status":"closed","template":"","meta":{"_acf_changed":false},"product_brand":[],"product_cat":[127,233],"product_tag":[401,408,407],"class_list":{"0":"post-11460","1":"product","2":"type-product","3":"status-publish","4":"has-post-thumbnail","6":"product_cat-chateau-valmont-corbieres","7":"product_cat-vin-de-france-en","8":"product_tag-assemblage","9":"product_tag-creation","10":"product_tag-vin-de-france","11":"product_appellation-vin-de-france","12":"product_accords-appetizer","13":"product_accords-cheese","14":"product_accords-crispy-vegetables","15":"product_accords-dessert","16":"product_accords-fish-and-seafood","17":"product_accords-modern-food","18":"product_accords-poultry","19":"product_accords-risotto-en","20":"product_accords-starters","21":"product_accords-white-meat","22":"product_moment-aperitif","23":"product_moment-brunch","24":"product_moment-celebrations","25":"cepage-assemblage","27":"first","28":"instock","29":"taxable","30":"shipping-taxable","31":"purchasable","32":"product-type-simple"},"acf":[],"yoast_head":"<!-- This site is optimized with the Yoast SEO plugin v27.3 - https:\/\/yoast.com\/product\/yoast-seo-wordpress\/ -->\n<title>XXII &#8211; Famille Ruhlmann-Schutz<\/title>\n<meta name=\"description\" content=\"D\u00e9couvrez le Corbi\u00e8re Vin de France, un assemblage unique de 22 c\u00e9pages pour une exp\u00e9rience vinicole inoubliable. Go\u00fbtez cette \u00e9l\u00e9gance !\" \/>\n<meta name=\"robots\" content=\"index, follow, max-snippet:-1, max-image-preview:large, max-video-preview:-1\" \/>\n<link rel=\"canonical\" href=\"https:\/\/www.ruhlmann-schutz.fr\/en\/vins\/xxii\/\" \/>\n<meta property=\"og:locale\" content=\"en_US\" \/>\n<meta property=\"og:type\" content=\"article\" \/>\n<meta property=\"og:title\" content=\"XXII &#8211; Famille Ruhlmann-Schutz\" \/>\n<meta property=\"og:description\" content=\"D\u00e9couvrez le Corbi\u00e8re Vin de France, un assemblage unique de 22 c\u00e9pages pour une exp\u00e9rience vinicole inoubliable. Go\u00fbtez cette \u00e9l\u00e9gance !\" \/>\n<meta property=\"og:url\" content=\"https:\/\/www.ruhlmann-schutz.fr\/en\/vins\/xxii\/\" \/>\n<meta property=\"og:site_name\" content=\"Famille Ruhlmann-Schutz\" \/>\n<meta property=\"article:publisher\" content=\"https:\/\/www.facebook.com\/RuhlmannSchutz\/\" \/>\n<meta property=\"article:modified_time\" content=\"2026-02-24T09:49:49+00:00\" \/>\n<meta property=\"og:image\" content=\"https:\/\/www.ruhlmann-schutz.fr\/wp-content\/uploads\/2018\/06\/valmont-xxii-cuvee-22.png\" \/>\n\t<meta property=\"og:image:width\" content=\"598\" \/>\n\t<meta property=\"og:image:height\" content=\"2048\" \/>\n\t<meta property=\"og:image:type\" content=\"image\/png\" \/>\n<meta name=\"twitter:card\" content=\"summary_large_image\" \/>\n<meta name=\"twitter:site\" content=\"@ruhlmannschutz\" \/>\n<meta name=\"twitter:label1\" content=\"Est. reading time\" \/>\n\t<meta name=\"twitter:data1\" content=\"1 minute\" \/>\n<script type=\"application\/ld+json\" class=\"yoast-schema-graph\">{\"@context\":\"https:\\\/\\\/schema.org\",\"@graph\":[{\"@type\":\"WebPage\",\"@id\":\"https:\\\/\\\/www.ruhlmann-schutz.fr\\\/en\\\/vins\\\/xxii\\\/\",\"url\":\"https:\\\/\\\/www.ruhlmann-schutz.fr\\\/en\\\/vins\\\/xxii\\\/\",\"name\":\"XXII &#8211; Famille Ruhlmann-Schutz\",\"isPartOf\":{\"@id\":\"https:\\\/\\\/www.ruhlmann-schutz.fr\\\/en\\\/#website\"},\"primaryImageOfPage\":{\"@id\":\"https:\\\/\\\/www.ruhlmann-schutz.fr\\\/en\\\/vins\\\/xxii\\\/#primaryimage\"},\"image\":{\"@id\":\"https:\\\/\\\/www.ruhlmann-schutz.fr\\\/en\\\/vins\\\/xxii\\\/#primaryimage\"},\"thumbnailUrl\":\"https:\\\/\\\/www.ruhlmann-schutz.fr\\\/wp-content\\\/uploads\\\/2018\\\/06\\\/valmont-xxii-cuvee-22.png\",\"datePublished\":\"2024-01-31T14:41:43+00:00\",\"dateModified\":\"2026-02-24T09:49:49+00:00\",\"description\":\"D\u00e9couvrez le Corbi\u00e8re Vin de France, un assemblage unique de 22 c\u00e9pages pour une exp\u00e9rience vinicole inoubliable. Go\u00fbtez cette \u00e9l\u00e9gance !\",\"breadcrumb\":{\"@id\":\"https:\\\/\\\/www.ruhlmann-schutz.fr\\\/en\\\/vins\\\/xxii\\\/#breadcrumb\"},\"inLanguage\":\"en-US\",\"potentialAction\":[{\"@type\":\"ReadAction\",\"target\":[\"https:\\\/\\\/www.ruhlmann-schutz.fr\\\/en\\\/vins\\\/xxii\\\/\"]}]},{\"@type\":\"ImageObject\",\"inLanguage\":\"en-US\",\"@id\":\"https:\\\/\\\/www.ruhlmann-schutz.fr\\\/en\\\/vins\\\/xxii\\\/#primaryimage\",\"url\":\"https:\\\/\\\/www.ruhlmann-schutz.fr\\\/wp-content\\\/uploads\\\/2018\\\/06\\\/valmont-xxii-cuvee-22.png\",\"contentUrl\":\"https:\\\/\\\/www.ruhlmann-schutz.fr\\\/wp-content\\\/uploads\\\/2018\\\/06\\\/valmont-xxii-cuvee-22.png\",\"width\":598,\"height\":2048,\"caption\":\"valmont-cuvee-XXII-22\"},{\"@type\":\"BreadcrumbList\",\"@id\":\"https:\\\/\\\/www.ruhlmann-schutz.fr\\\/en\\\/vins\\\/xxii\\\/#breadcrumb\",\"itemListElement\":[{\"@type\":\"ListItem\",\"position\":1,\"name\":\"Accueil\",\"item\":\"https:\\\/\\\/www.ruhlmann-schutz.fr\\\/en\\\/\"},{\"@type\":\"ListItem\",\"position\":2,\"name\":\"Our Alsace\u2019s and Corbi\u00e8res\u2019s wines\",\"item\":\"https:\\\/\\\/www.ruhlmann-schutz.fr\\\/en\\\/shop\\\/\"},{\"@type\":\"ListItem\",\"position\":3,\"name\":\"Wines of Languedoc\",\"item\":\"https:\\\/\\\/www.ruhlmann-schutz.fr\\\/en\\\/vins-alsace-et-corbieres\\\/chateau-valmont-corbieres\\\/\"},{\"@type\":\"ListItem\",\"position\":4,\"name\":\"Vin de France\",\"item\":\"https:\\\/\\\/www.ruhlmann-schutz.fr\\\/en\\\/vins-alsace-et-corbieres\\\/chateau-valmont-corbieres\\\/vin-de-france-en\\\/\"},{\"@type\":\"ListItem\",\"position\":5,\"name\":\"XXII\"}]},{\"@type\":\"WebSite\",\"@id\":\"https:\\\/\\\/www.ruhlmann-schutz.fr\\\/en\\\/#website\",\"url\":\"https:\\\/\\\/www.ruhlmann-schutz.fr\\\/en\\\/\",\"name\":\"Les Vignobles Ruhlmann-Schutz\",\"description\":\"Vins d&#039;Alsace et du Languedoc\",\"publisher\":{\"@id\":\"https:\\\/\\\/www.ruhlmann-schutz.fr\\\/en\\\/#organization\"},\"potentialAction\":[{\"@type\":\"SearchAction\",\"target\":{\"@type\":\"EntryPoint\",\"urlTemplate\":\"https:\\\/\\\/www.ruhlmann-schutz.fr\\\/en\\\/?s={search_term_string}\"},\"query-input\":{\"@type\":\"PropertyValueSpecification\",\"valueRequired\":true,\"valueName\":\"search_term_string\"}}],\"inLanguage\":\"en-US\"},{\"@type\":\"Organization\",\"@id\":\"https:\\\/\\\/www.ruhlmann-schutz.fr\\\/en\\\/#organization\",\"name\":\"Les Vignobles Ruhlmann-Schutz\",\"url\":\"https:\\\/\\\/www.ruhlmann-schutz.fr\\\/en\\\/\",\"logo\":{\"@type\":\"ImageObject\",\"inLanguage\":\"en-US\",\"@id\":\"https:\\\/\\\/www.ruhlmann-schutz.fr\\\/en\\\/#\\\/schema\\\/logo\\\/image\\\/\",\"url\":\"https:\\\/\\\/www.ruhlmann-schutz.fr\\\/wp-content\\\/uploads\\\/2017\\\/06\\\/vignobles-ruhlmann-schutz-social.png\",\"contentUrl\":\"https:\\\/\\\/www.ruhlmann-schutz.fr\\\/wp-content\\\/uploads\\\/2017\\\/06\\\/vignobles-ruhlmann-schutz-social.png\",\"width\":400,\"height\":400,\"caption\":\"Les Vignobles Ruhlmann-Schutz\"},\"image\":{\"@id\":\"https:\\\/\\\/www.ruhlmann-schutz.fr\\\/en\\\/#\\\/schema\\\/logo\\\/image\\\/\"},\"sameAs\":[\"https:\\\/\\\/www.facebook.com\\\/RuhlmannSchutz\\\/\",\"https:\\\/\\\/x.com\\\/ruhlmannschutz\",\"https:\\\/\\\/www.instagram.com\\\/ruhlmannschutz\\\/\",\"https:\\\/\\\/www.youtube.com\\\/channel\\\/UCl74BhQvg1IeEwdPxFD35zg\"]}]}<\/script>\n<!-- \/ Yoast SEO plugin. -->","yoast_head_json":{"title":"XXII &#8211; Famille Ruhlmann-Schutz","description":"D\u00e9couvrez le Corbi\u00e8re Vin de France, un assemblage unique de 22 c\u00e9pages pour une exp\u00e9rience vinicole inoubliable. Go\u00fbtez cette \u00e9l\u00e9gance !","robots":{"index":"index","follow":"follow","max-snippet":"max-snippet:-1","max-image-preview":"max-image-preview:large","max-video-preview":"max-video-preview:-1"},"canonical":"https:\/\/www.ruhlmann-schutz.fr\/en\/vins\/xxii\/","og_locale":"en_US","og_type":"article","og_title":"XXII &#8211; Famille Ruhlmann-Schutz","og_description":"D\u00e9couvrez le Corbi\u00e8re Vin de France, un assemblage unique de 22 c\u00e9pages pour une exp\u00e9rience vinicole inoubliable. Go\u00fbtez cette \u00e9l\u00e9gance !","og_url":"https:\/\/www.ruhlmann-schutz.fr\/en\/vins\/xxii\/","og_site_name":"Famille Ruhlmann-Schutz","article_publisher":"https:\/\/www.facebook.com\/RuhlmannSchutz\/","article_modified_time":"2026-02-24T09:49:49+00:00","og_image":[{"width":598,"height":2048,"url":"https:\/\/www.ruhlmann-schutz.fr\/wp-content\/uploads\/2018\/06\/valmont-xxii-cuvee-22.png","type":"image\/png"}],"twitter_card":"summary_large_image","twitter_site":"@ruhlmannschutz","twitter_misc":{"Est. reading time":"1 minute"},"schema":{"@context":"https:\/\/schema.org","@graph":[{"@type":"WebPage","@id":"https:\/\/www.ruhlmann-schutz.fr\/en\/vins\/xxii\/","url":"https:\/\/www.ruhlmann-schutz.fr\/en\/vins\/xxii\/","name":"XXII &#8211; Famille Ruhlmann-Schutz","isPartOf":{"@id":"https:\/\/www.ruhlmann-schutz.fr\/en\/#website"},"primaryImageOfPage":{"@id":"https:\/\/www.ruhlmann-schutz.fr\/en\/vins\/xxii\/#primaryimage"},"image":{"@id":"https:\/\/www.ruhlmann-schutz.fr\/en\/vins\/xxii\/#primaryimage"},"thumbnailUrl":"https:\/\/www.ruhlmann-schutz.fr\/wp-content\/uploads\/2018\/06\/valmont-xxii-cuvee-22.png","datePublished":"2024-01-31T14:41:43+00:00","dateModified":"2026-02-24T09:49:49+00:00","description":"D\u00e9couvrez le Corbi\u00e8re Vin de France, un assemblage unique de 22 c\u00e9pages pour une exp\u00e9rience vinicole inoubliable. Go\u00fbtez cette \u00e9l\u00e9gance !","breadcrumb":{"@id":"https:\/\/www.ruhlmann-schutz.fr\/en\/vins\/xxii\/#breadcrumb"},"inLanguage":"en-US","potentialAction":[{"@type":"ReadAction","target":["https:\/\/www.ruhlmann-schutz.fr\/en\/vins\/xxii\/"]}]},{"@type":"ImageObject","inLanguage":"en-US","@id":"https:\/\/www.ruhlmann-schutz.fr\/en\/vins\/xxii\/#primaryimage","url":"https:\/\/www.ruhlmann-schutz.fr\/wp-content\/uploads\/2018\/06\/valmont-xxii-cuvee-22.png","contentUrl":"https:\/\/www.ruhlmann-schutz.fr\/wp-content\/uploads\/2018\/06\/valmont-xxii-cuvee-22.png","width":598,"height":2048,"caption":"valmont-cuvee-XXII-22"},{"@type":"BreadcrumbList","@id":"https:\/\/www.ruhlmann-schutz.fr\/en\/vins\/xxii\/#breadcrumb","itemListElement":[{"@type":"ListItem","position":1,"name":"Accueil","item":"https:\/\/www.ruhlmann-schutz.fr\/en\/"},{"@type":"ListItem","position":2,"name":"Our Alsace\u2019s and Corbi\u00e8res\u2019s wines","item":"https:\/\/www.ruhlmann-schutz.fr\/en\/shop\/"},{"@type":"ListItem","position":3,"name":"Wines of Languedoc","item":"https:\/\/www.ruhlmann-schutz.fr\/en\/vins-alsace-et-corbieres\/chateau-valmont-corbieres\/"},{"@type":"ListItem","position":4,"name":"Vin de France","item":"https:\/\/www.ruhlmann-schutz.fr\/en\/vins-alsace-et-corbieres\/chateau-valmont-corbieres\/vin-de-france-en\/"},{"@type":"ListItem","position":5,"name":"XXII"}]},{"@type":"WebSite","@id":"https:\/\/www.ruhlmann-schutz.fr\/en\/#website","url":"https:\/\/www.ruhlmann-schutz.fr\/en\/","name":"Les Vignobles Ruhlmann-Schutz","description":"Vins d&#039;Alsace et du Languedoc","publisher":{"@id":"https:\/\/www.ruhlmann-schutz.fr\/en\/#organization"},"potentialAction":[{"@type":"SearchAction","target":{"@type":"EntryPoint","urlTemplate":"https:\/\/www.ruhlmann-schutz.fr\/en\/?s={search_term_string}"},"query-input":{"@type":"PropertyValueSpecification","valueRequired":true,"valueName":"search_term_string"}}],"inLanguage":"en-US"},{"@type":"Organization","@id":"https:\/\/www.ruhlmann-schutz.fr\/en\/#organization","name":"Les Vignobles Ruhlmann-Schutz","url":"https:\/\/www.ruhlmann-schutz.fr\/en\/","logo":{"@type":"ImageObject","inLanguage":"en-US","@id":"https:\/\/www.ruhlmann-schutz.fr\/en\/#\/schema\/logo\/image\/","url":"https:\/\/www.ruhlmann-schutz.fr\/wp-content\/uploads\/2017\/06\/vignobles-ruhlmann-schutz-social.png","contentUrl":"https:\/\/www.ruhlmann-schutz.fr\/wp-content\/uploads\/2017\/06\/vignobles-ruhlmann-schutz-social.png","width":400,"height":400,"caption":"Les Vignobles Ruhlmann-Schutz"},"image":{"@id":"https:\/\/www.ruhlmann-schutz.fr\/en\/#\/schema\/logo\/image\/"},"sameAs":["https:\/\/www.facebook.com\/RuhlmannSchutz\/","https:\/\/x.com\/ruhlmannschutz","https:\/\/www.instagram.com\/ruhlmannschutz\/","https:\/\/www.youtube.com\/channel\/UCl74BhQvg1IeEwdPxFD35zg"]}]}},"_links":{"self":[{"href":"https:\/\/www.ruhlmann-schutz.fr\/en\/wp-json\/wp\/v2\/product\/11460","targetHints":{"allow":["GET"]}}],"collection":[{"href":"https:\/\/www.ruhlmann-schutz.fr\/en\/wp-json\/wp\/v2\/product"}],"about":[{"href":"https:\/\/www.ruhlmann-schutz.fr\/en\/wp-json\/wp\/v2\/types\/product"}],"replies":[{"embeddable":true,"href":"https:\/\/www.ruhlmann-schutz.fr\/en\/wp-json\/wp\/v2\/comments?post=11460"}],"wp:featuredmedia":[{"embeddable":true,"href":"https:\/\/www.ruhlmann-schutz.fr\/en\/wp-json\/wp\/v2\/media\/5650"}],"wp:attachment":[{"href":"https:\/\/www.ruhlmann-schutz.fr\/en\/wp-json\/wp\/v2\/media?parent=11460"}],"wp:term":[{"taxonomy":"product_brand","embeddable":true,"href":"https:\/\/www.ruhlmann-schutz.fr\/en\/wp-json\/wp\/v2\/product_brand?post=11460"},{"taxonomy":"product_cat","embeddable":true,"href":"https:\/\/www.ruhlmann-schutz.fr\/en\/wp-json\/wp\/v2\/product_cat?post=11460"},{"taxonomy":"product_tag","embeddable":true,"href":"https:\/\/www.ruhlmann-schutz.fr\/en\/wp-json\/wp\/v2\/product_tag?post=11460"}],"curies":[{"name":"wp","href":"https:\/\/api.w.org\/{rel}","templated":true}]}}