{"id":11559,"date":"2025-11-19T10:50:37","date_gmt":"2025-11-19T09:50:37","guid":{"rendered":"https:\/\/www.ruhlmann-schutz.fr\/vins\/alsace-delights-6-bottle-set-alsace-wines\/"},"modified":"2026-02-27T10:30:12","modified_gmt":"2026-02-27T09:30:12","slug":"alsace-delights-6-bottle-set-alsace-wines","status":"publish","type":"product","link":"https:\/\/www.ruhlmann-schutz.fr\/en\/vins\/alsace-delights-6-bottle-set-alsace-wines\/","title":{"rendered":"Alsace Delights\u201d &#8211; 6 Bottle Set Alsace Wines"},"content":{"rendered":"<p>Let yourself be enchanted by our \u201cAlsace Delights\u201d box, a selection of six refined wines for a gourmet journey through the heart of Alsace\u2019s terroirs.<\/p>\n<p>It contains:<\/p>\n<ul>\n<li>2 Sylvaner \u2013 Cuv\u00e9e de l\u2019Amphith\u00e9\u00e2tre: fresh and delicately aromatic<\/li>\n<li>2 \u00c9toiles de Rose: an unusual white from black grapes, soft and fruits<\/li>\n<li>1 Gewurztraminer \u2013 Vendanges Tardives: expressive and smooth<\/li>\n<li>1 Pinot Gris \u2013 Cuv\u00e9e des Amoureux: elegant and aromatic<\/li>\n<\/ul>\n","protected":false},"excerpt":{"rendered":"<p>Let yourself be enchanted by our \u201cAlsace Delights\u201d box, a selection of six refined wines for a gourmet journey through the heart of Alsace\u2019s terroirs. It contains: 2 Sylvaner \u2013 Cuv\u00e9e de l\u2019Amphith\u00e9\u00e2tre: fresh and delicately aromatic 2 \u00c9toiles de Rose: an unusual white from black grapes, soft and fruits 1 Gewurztraminer \u2013 Vendanges Tardives: [&hellip;]<\/p>\n","protected":false},"featured_media":10747,"comment_status":"closed","ping_status":"closed","template":"","meta":{"_acf_changed":false},"product_brand":[],"product_cat":[409],"product_tag":[],"class_list":{"0":"post-11559","1":"product","2":"type-product","3":"status-publish","4":"has-post-thumbnail","6":"product_cat-our-selections-and-gift-sets","7":"product_shipping_class-6-bouteilles-75-cl","8":"product_appellation-alsace-en","9":"product_accords-appetizer","10":"product_accords-asian-food","11":"product_accords-cheese","12":"product_accords-dessert","13":"product_accords-exotic-food","14":"product_accords-fish-and-seafood","15":"product_accords-meats","16":"product_accords-modern-food","17":"product_accords-spicy-food","18":"product_moment-celebrations","20":"first","21":"instock","22":"taxable","23":"shipping-taxable","24":"purchasable","25":"product-type-simple"},"acf":[],"yoast_head":"<!-- This site is optimized with the Yoast SEO plugin v27.3 - https:\/\/yoast.com\/product\/yoast-seo-wordpress\/ -->\n<title>Alsace Delights\u201d - 6 Bottle Set Alsace Wines &#8211; Famille Ruhlmann-Schutz<\/title>\n<meta name=\"description\" content=\"Let yourself be enchanted by our \u201cAlsace Delights\u201d box, a selection of six refined wines for a gourmet journey through the heart of Alsace\u2019s terroirs.\" \/>\n<meta name=\"robots\" content=\"index, follow, max-snippet:-1, max-image-preview:large, max-video-preview:-1\" \/>\n<link rel=\"canonical\" href=\"https:\/\/www.ruhlmann-schutz.fr\/en\/vins\/alsace-delights-6-bottle-set-alsace-wines\/\" \/>\n<meta property=\"og:locale\" content=\"en_US\" \/>\n<meta property=\"og:type\" content=\"article\" \/>\n<meta property=\"og:title\" content=\"Alsace Delights\u201d - 6 Bottle Set Alsace Wines &#8211; Famille Ruhlmann-Schutz\" \/>\n<meta property=\"og:description\" content=\"Let yourself be enchanted by our \u201cAlsace Delights\u201d box, a selection of six refined wines for a gourmet journey through the heart of Alsace\u2019s terroirs.\" \/>\n<meta property=\"og:url\" content=\"https:\/\/www.ruhlmann-schutz.fr\/en\/vins\/alsace-delights-6-bottle-set-alsace-wines\/\" \/>\n<meta property=\"og:site_name\" content=\"Famille Ruhlmann-Schutz\" \/>\n<meta property=\"article:publisher\" content=\"https:\/\/www.facebook.com\/RuhlmannSchutz\/\" \/>\n<meta property=\"article:modified_time\" content=\"2026-02-27T09:30:12+00:00\" \/>\n<meta property=\"og:image\" content=\"https:\/\/www.ruhlmann-schutz.fr\/wp-content\/uploads\/2025\/11\/les-Vins-Moelleux.png\" \/>\n\t<meta property=\"og:image:width\" content=\"800\" \/>\n\t<meta property=\"og:image:height\" content=\"650\" \/>\n\t<meta property=\"og:image:type\" content=\"image\/png\" \/>\n<meta name=\"twitter:card\" content=\"summary_large_image\" \/>\n<meta name=\"twitter:site\" content=\"@ruhlmannschutz\" \/>\n<meta name=\"twitter:label1\" content=\"Est. reading time\" \/>\n\t<meta name=\"twitter:data1\" content=\"1 minute\" \/>\n<script type=\"application\/ld+json\" class=\"yoast-schema-graph\">{\"@context\":\"https:\\\/\\\/schema.org\",\"@graph\":[{\"@type\":\"WebPage\",\"@id\":\"https:\\\/\\\/www.ruhlmann-schutz.fr\\\/en\\\/vins\\\/alsace-delights-6-bottle-set-alsace-wines\\\/\",\"url\":\"https:\\\/\\\/www.ruhlmann-schutz.fr\\\/en\\\/vins\\\/alsace-delights-6-bottle-set-alsace-wines\\\/\",\"name\":\"Alsace Delights\u201d - 6 Bottle Set Alsace Wines &#8211; Famille Ruhlmann-Schutz\",\"isPartOf\":{\"@id\":\"https:\\\/\\\/www.ruhlmann-schutz.fr\\\/en\\\/#website\"},\"primaryImageOfPage\":{\"@id\":\"https:\\\/\\\/www.ruhlmann-schutz.fr\\\/en\\\/vins\\\/alsace-delights-6-bottle-set-alsace-wines\\\/#primaryimage\"},\"image\":{\"@id\":\"https:\\\/\\\/www.ruhlmann-schutz.fr\\\/en\\\/vins\\\/alsace-delights-6-bottle-set-alsace-wines\\\/#primaryimage\"},\"thumbnailUrl\":\"https:\\\/\\\/www.ruhlmann-schutz.fr\\\/wp-content\\\/uploads\\\/2025\\\/11\\\/les-Vins-Moelleux.png\",\"datePublished\":\"2025-11-19T09:50:37+00:00\",\"dateModified\":\"2026-02-27T09:30:12+00:00\",\"description\":\"Let yourself be enchanted by our \u201cAlsace Delights\u201d box, a selection of six refined wines for a gourmet journey through the heart of Alsace\u2019s terroirs.\",\"breadcrumb\":{\"@id\":\"https:\\\/\\\/www.ruhlmann-schutz.fr\\\/en\\\/vins\\\/alsace-delights-6-bottle-set-alsace-wines\\\/#breadcrumb\"},\"inLanguage\":\"en-US\",\"potentialAction\":[{\"@type\":\"ReadAction\",\"target\":[\"https:\\\/\\\/www.ruhlmann-schutz.fr\\\/en\\\/vins\\\/alsace-delights-6-bottle-set-alsace-wines\\\/\"]}]},{\"@type\":\"ImageObject\",\"inLanguage\":\"en-US\",\"@id\":\"https:\\\/\\\/www.ruhlmann-schutz.fr\\\/en\\\/vins\\\/alsace-delights-6-bottle-set-alsace-wines\\\/#primaryimage\",\"url\":\"https:\\\/\\\/www.ruhlmann-schutz.fr\\\/wp-content\\\/uploads\\\/2025\\\/11\\\/les-Vins-Moelleux.png\",\"contentUrl\":\"https:\\\/\\\/www.ruhlmann-schutz.fr\\\/wp-content\\\/uploads\\\/2025\\\/11\\\/les-Vins-Moelleux.png\",\"width\":800,\"height\":650,\"caption\":\"douceur d'alsace\"},{\"@type\":\"BreadcrumbList\",\"@id\":\"https:\\\/\\\/www.ruhlmann-schutz.fr\\\/en\\\/vins\\\/alsace-delights-6-bottle-set-alsace-wines\\\/#breadcrumb\",\"itemListElement\":[{\"@type\":\"ListItem\",\"position\":1,\"name\":\"Accueil\",\"item\":\"https:\\\/\\\/www.ruhlmann-schutz.fr\\\/en\\\/\"},{\"@type\":\"ListItem\",\"position\":2,\"name\":\"Our Alsace\u2019s and Corbi\u00e8res\u2019s wines\",\"item\":\"https:\\\/\\\/www.ruhlmann-schutz.fr\\\/en\\\/shop\\\/\"},{\"@type\":\"ListItem\",\"position\":3,\"name\":\"Our Selections and Gift Sets\",\"item\":\"https:\\\/\\\/www.ruhlmann-schutz.fr\\\/en\\\/vins-alsace-et-corbieres\\\/our-selections-and-gift-sets\\\/\"},{\"@type\":\"ListItem\",\"position\":4,\"name\":\"Alsace Delights\u201d &#8211; 6 Bottle Set Alsace Wines\"}]},{\"@type\":\"WebSite\",\"@id\":\"https:\\\/\\\/www.ruhlmann-schutz.fr\\\/en\\\/#website\",\"url\":\"https:\\\/\\\/www.ruhlmann-schutz.fr\\\/en\\\/\",\"name\":\"Les Vignobles Ruhlmann-Schutz\",\"description\":\"Vins d&#039;Alsace et du Languedoc\",\"publisher\":{\"@id\":\"https:\\\/\\\/www.ruhlmann-schutz.fr\\\/en\\\/#organization\"},\"potentialAction\":[{\"@type\":\"SearchAction\",\"target\":{\"@type\":\"EntryPoint\",\"urlTemplate\":\"https:\\\/\\\/www.ruhlmann-schutz.fr\\\/en\\\/?s={search_term_string}\"},\"query-input\":{\"@type\":\"PropertyValueSpecification\",\"valueRequired\":true,\"valueName\":\"search_term_string\"}}],\"inLanguage\":\"en-US\"},{\"@type\":\"Organization\",\"@id\":\"https:\\\/\\\/www.ruhlmann-schutz.fr\\\/en\\\/#organization\",\"name\":\"Les Vignobles Ruhlmann-Schutz\",\"url\":\"https:\\\/\\\/www.ruhlmann-schutz.fr\\\/en\\\/\",\"logo\":{\"@type\":\"ImageObject\",\"inLanguage\":\"en-US\",\"@id\":\"https:\\\/\\\/www.ruhlmann-schutz.fr\\\/en\\\/#\\\/schema\\\/logo\\\/image\\\/\",\"url\":\"https:\\\/\\\/www.ruhlmann-schutz.fr\\\/wp-content\\\/uploads\\\/2017\\\/06\\\/vignobles-ruhlmann-schutz-social.png\",\"contentUrl\":\"https:\\\/\\\/www.ruhlmann-schutz.fr\\\/wp-content\\\/uploads\\\/2017\\\/06\\\/vignobles-ruhlmann-schutz-social.png\",\"width\":400,\"height\":400,\"caption\":\"Les Vignobles Ruhlmann-Schutz\"},\"image\":{\"@id\":\"https:\\\/\\\/www.ruhlmann-schutz.fr\\\/en\\\/#\\\/schema\\\/logo\\\/image\\\/\"},\"sameAs\":[\"https:\\\/\\\/www.facebook.com\\\/RuhlmannSchutz\\\/\",\"https:\\\/\\\/x.com\\\/ruhlmannschutz\",\"https:\\\/\\\/www.instagram.com\\\/ruhlmannschutz\\\/\",\"https:\\\/\\\/www.youtube.com\\\/channel\\\/UCl74BhQvg1IeEwdPxFD35zg\"]}]}<\/script>\n<!-- \/ Yoast SEO plugin. -->","yoast_head_json":{"title":"Alsace Delights\u201d - 6 Bottle Set Alsace Wines &#8211; Famille Ruhlmann-Schutz","description":"Let yourself be enchanted by our \u201cAlsace Delights\u201d box, a selection of six refined wines for a gourmet journey through the heart of Alsace\u2019s terroirs.","robots":{"index":"index","follow":"follow","max-snippet":"max-snippet:-1","max-image-preview":"max-image-preview:large","max-video-preview":"max-video-preview:-1"},"canonical":"https:\/\/www.ruhlmann-schutz.fr\/en\/vins\/alsace-delights-6-bottle-set-alsace-wines\/","og_locale":"en_US","og_type":"article","og_title":"Alsace Delights\u201d - 6 Bottle Set Alsace Wines &#8211; Famille Ruhlmann-Schutz","og_description":"Let yourself be enchanted by our \u201cAlsace Delights\u201d box, a selection of six refined wines for a gourmet journey through the heart of Alsace\u2019s terroirs.","og_url":"https:\/\/www.ruhlmann-schutz.fr\/en\/vins\/alsace-delights-6-bottle-set-alsace-wines\/","og_site_name":"Famille Ruhlmann-Schutz","article_publisher":"https:\/\/www.facebook.com\/RuhlmannSchutz\/","article_modified_time":"2026-02-27T09:30:12+00:00","og_image":[{"width":800,"height":650,"url":"https:\/\/www.ruhlmann-schutz.fr\/wp-content\/uploads\/2025\/11\/les-Vins-Moelleux.png","type":"image\/png"}],"twitter_card":"summary_large_image","twitter_site":"@ruhlmannschutz","twitter_misc":{"Est. reading time":"1 minute"},"schema":{"@context":"https:\/\/schema.org","@graph":[{"@type":"WebPage","@id":"https:\/\/www.ruhlmann-schutz.fr\/en\/vins\/alsace-delights-6-bottle-set-alsace-wines\/","url":"https:\/\/www.ruhlmann-schutz.fr\/en\/vins\/alsace-delights-6-bottle-set-alsace-wines\/","name":"Alsace Delights\u201d - 6 Bottle Set Alsace Wines &#8211; Famille Ruhlmann-Schutz","isPartOf":{"@id":"https:\/\/www.ruhlmann-schutz.fr\/en\/#website"},"primaryImageOfPage":{"@id":"https:\/\/www.ruhlmann-schutz.fr\/en\/vins\/alsace-delights-6-bottle-set-alsace-wines\/#primaryimage"},"image":{"@id":"https:\/\/www.ruhlmann-schutz.fr\/en\/vins\/alsace-delights-6-bottle-set-alsace-wines\/#primaryimage"},"thumbnailUrl":"https:\/\/www.ruhlmann-schutz.fr\/wp-content\/uploads\/2025\/11\/les-Vins-Moelleux.png","datePublished":"2025-11-19T09:50:37+00:00","dateModified":"2026-02-27T09:30:12+00:00","description":"Let yourself be enchanted by our \u201cAlsace Delights\u201d box, a selection of six refined wines for a gourmet journey through the heart of Alsace\u2019s terroirs.","breadcrumb":{"@id":"https:\/\/www.ruhlmann-schutz.fr\/en\/vins\/alsace-delights-6-bottle-set-alsace-wines\/#breadcrumb"},"inLanguage":"en-US","potentialAction":[{"@type":"ReadAction","target":["https:\/\/www.ruhlmann-schutz.fr\/en\/vins\/alsace-delights-6-bottle-set-alsace-wines\/"]}]},{"@type":"ImageObject","inLanguage":"en-US","@id":"https:\/\/www.ruhlmann-schutz.fr\/en\/vins\/alsace-delights-6-bottle-set-alsace-wines\/#primaryimage","url":"https:\/\/www.ruhlmann-schutz.fr\/wp-content\/uploads\/2025\/11\/les-Vins-Moelleux.png","contentUrl":"https:\/\/www.ruhlmann-schutz.fr\/wp-content\/uploads\/2025\/11\/les-Vins-Moelleux.png","width":800,"height":650,"caption":"douceur d'alsace"},{"@type":"BreadcrumbList","@id":"https:\/\/www.ruhlmann-schutz.fr\/en\/vins\/alsace-delights-6-bottle-set-alsace-wines\/#breadcrumb","itemListElement":[{"@type":"ListItem","position":1,"name":"Accueil","item":"https:\/\/www.ruhlmann-schutz.fr\/en\/"},{"@type":"ListItem","position":2,"name":"Our Alsace\u2019s and Corbi\u00e8res\u2019s wines","item":"https:\/\/www.ruhlmann-schutz.fr\/en\/shop\/"},{"@type":"ListItem","position":3,"name":"Our Selections and Gift Sets","item":"https:\/\/www.ruhlmann-schutz.fr\/en\/vins-alsace-et-corbieres\/our-selections-and-gift-sets\/"},{"@type":"ListItem","position":4,"name":"Alsace Delights\u201d &#8211; 6 Bottle Set Alsace Wines"}]},{"@type":"WebSite","@id":"https:\/\/www.ruhlmann-schutz.fr\/en\/#website","url":"https:\/\/www.ruhlmann-schutz.fr\/en\/","name":"Les Vignobles Ruhlmann-Schutz","description":"Vins d&#039;Alsace et du Languedoc","publisher":{"@id":"https:\/\/www.ruhlmann-schutz.fr\/en\/#organization"},"potentialAction":[{"@type":"SearchAction","target":{"@type":"EntryPoint","urlTemplate":"https:\/\/www.ruhlmann-schutz.fr\/en\/?s={search_term_string}"},"query-input":{"@type":"PropertyValueSpecification","valueRequired":true,"valueName":"search_term_string"}}],"inLanguage":"en-US"},{"@type":"Organization","@id":"https:\/\/www.ruhlmann-schutz.fr\/en\/#organization","name":"Les Vignobles Ruhlmann-Schutz","url":"https:\/\/www.ruhlmann-schutz.fr\/en\/","logo":{"@type":"ImageObject","inLanguage":"en-US","@id":"https:\/\/www.ruhlmann-schutz.fr\/en\/#\/schema\/logo\/image\/","url":"https:\/\/www.ruhlmann-schutz.fr\/wp-content\/uploads\/2017\/06\/vignobles-ruhlmann-schutz-social.png","contentUrl":"https:\/\/www.ruhlmann-schutz.fr\/wp-content\/uploads\/2017\/06\/vignobles-ruhlmann-schutz-social.png","width":400,"height":400,"caption":"Les Vignobles Ruhlmann-Schutz"},"image":{"@id":"https:\/\/www.ruhlmann-schutz.fr\/en\/#\/schema\/logo\/image\/"},"sameAs":["https:\/\/www.facebook.com\/RuhlmannSchutz\/","https:\/\/x.com\/ruhlmannschutz","https:\/\/www.instagram.com\/ruhlmannschutz\/","https:\/\/www.youtube.com\/channel\/UCl74BhQvg1IeEwdPxFD35zg"]}]}},"_links":{"self":[{"href":"https:\/\/www.ruhlmann-schutz.fr\/en\/wp-json\/wp\/v2\/product\/11559","targetHints":{"allow":["GET"]}}],"collection":[{"href":"https:\/\/www.ruhlmann-schutz.fr\/en\/wp-json\/wp\/v2\/product"}],"about":[{"href":"https:\/\/www.ruhlmann-schutz.fr\/en\/wp-json\/wp\/v2\/types\/product"}],"replies":[{"embeddable":true,"href":"https:\/\/www.ruhlmann-schutz.fr\/en\/wp-json\/wp\/v2\/comments?post=11559"}],"wp:featuredmedia":[{"embeddable":true,"href":"https:\/\/www.ruhlmann-schutz.fr\/en\/wp-json\/wp\/v2\/media\/10747"}],"wp:attachment":[{"href":"https:\/\/www.ruhlmann-schutz.fr\/en\/wp-json\/wp\/v2\/media?parent=11559"}],"wp:term":[{"taxonomy":"product_brand","embeddable":true,"href":"https:\/\/www.ruhlmann-schutz.fr\/en\/wp-json\/wp\/v2\/product_brand?post=11559"},{"taxonomy":"product_cat","embeddable":true,"href":"https:\/\/www.ruhlmann-schutz.fr\/en\/wp-json\/wp\/v2\/product_cat?post=11559"},{"taxonomy":"product_tag","embeddable":true,"href":"https:\/\/www.ruhlmann-schutz.fr\/en\/wp-json\/wp\/v2\/product_tag?post=11559"}],"curies":[{"name":"wp","href":"https:\/\/api.w.org\/{rel}","templated":true}]}}