{"id":1215,"date":"2018-07-10T17:00:16","date_gmt":"2018-07-10T15:00:16","guid":{"rendered":"https:\/\/www.ruhlmann-schutz.fr\/?post_type=product&#038;p=1215"},"modified":"2026-02-24T14:43:39","modified_gmt":"2026-02-24T13:43:39","slug":"rose-chateau-valmont","status":"publish","type":"product","link":"https:\/\/www.ruhlmann-schutz.fr\/en\/vins\/rose-chateau-valmont\/","title":{"rendered":"Larguez les Amarres ! &#8211; Ch\u00e2teau Valmont ros\u00e9"},"content":{"rendered":"<p>Twenty years from now you will be more disappointed by the things you didn\u2019t do than by the ones you did do. So throw off the bowlines! Sail away from safe harbor. Catch the trade winds in your sails. Explore. Dream. Discover!<\/p>\n<p><em>Marc Twain<\/em><\/p>\n","protected":false},"excerpt":{"rendered":"<p>It&#8217;s the ros\u00e9 wine that takes you on a journey.<\/p>\n","protected":false},"featured_media":2961,"comment_status":"open","ping_status":"closed","template":"","meta":{"_acf_changed":false},"product_brand":[],"product_cat":[395],"product_tag":[],"class_list":{"0":"post-1215","1":"product","2":"type-product","3":"status-publish","4":"has-post-thumbnail","6":"product_cat-aop-corbieres","7":"product_shipping_class-bouteille-75-cl","8":"product_appellation-corbieres-en","9":"product_accords-appetizer","10":"product_accords-poultry","11":"product_accords-white-meat","12":"product_moment-aperitif","13":"cepage-cinsault-en","14":"cepage-grenache-en","16":"first","17":"instock","18":"taxable","19":"shipping-taxable","20":"purchasable","21":"product-type-simple"},"acf":[],"yoast_head":"<!-- This site is optimized with the Yoast SEO plugin v27.5 - https:\/\/yoast.com\/product\/yoast-seo-wordpress\/ -->\n<title>Larguez les Amarres ! - Ch\u00e2teau Valmont ros\u00e9 &#8211; Famille Ruhlmann-Schutz<\/title>\n<meta name=\"description\" content=\"It&#039;s the ros\u00e9 wine that takes you on a journey. It&#039;s the ros\u00e9 wine that takes you on a journey.\" \/>\n<meta name=\"robots\" content=\"index, follow, max-snippet:-1, max-image-preview:large, max-video-preview:-1\" \/>\n<link rel=\"canonical\" href=\"https:\/\/www.ruhlmann-schutz.fr\/en\/vins\/rose-chateau-valmont\/\" \/>\n<meta property=\"og:locale\" content=\"en_US\" \/>\n<meta property=\"og:type\" content=\"article\" \/>\n<meta property=\"og:title\" content=\"Larguez les Amarres ! - Ch\u00e2teau Valmont ros\u00e9 &#8211; Famille Ruhlmann-Schutz\" \/>\n<meta property=\"og:description\" content=\"It&#039;s the ros\u00e9 wine that takes you on a journey. It&#039;s the ros\u00e9 wine that takes you on a journey.\" \/>\n<meta property=\"og:url\" content=\"https:\/\/www.ruhlmann-schutz.fr\/en\/vins\/rose-chateau-valmont\/\" \/>\n<meta property=\"og:site_name\" content=\"Famille Ruhlmann-Schutz\" \/>\n<meta property=\"article:publisher\" content=\"https:\/\/www.facebook.com\/RuhlmannSchutz\/\" \/>\n<meta property=\"article:modified_time\" content=\"2026-02-24T13:43:39+00:00\" \/>\n<meta property=\"og:image\" content=\"https:\/\/www.ruhlmann-schutz.fr\/wp-content\/uploads\/2018\/06\/Valmont-Larguez-les-amarres-2M.png\" \/>\n\t<meta property=\"og:image:width\" content=\"700\" \/>\n\t<meta property=\"og:image:height\" content=\"2441\" \/>\n\t<meta property=\"og:image:type\" content=\"image\/png\" \/>\n<meta name=\"twitter:card\" content=\"summary_large_image\" \/>\n<meta name=\"twitter:site\" content=\"@ruhlmannschutz\" \/>\n<meta name=\"twitter:label1\" content=\"Est. reading time\" \/>\n\t<meta name=\"twitter:data1\" content=\"1 minute\" \/>\n<script type=\"application\/ld+json\" class=\"yoast-schema-graph\">{\"@context\":\"https:\\\/\\\/schema.org\",\"@graph\":[{\"@type\":\"WebPage\",\"@id\":\"https:\\\/\\\/www.ruhlmann-schutz.fr\\\/en\\\/vins\\\/rose-chateau-valmont\\\/\",\"url\":\"https:\\\/\\\/www.ruhlmann-schutz.fr\\\/en\\\/vins\\\/rose-chateau-valmont\\\/\",\"name\":\"Larguez les Amarres ! - Ch\u00e2teau Valmont ros\u00e9 &#8211; Famille Ruhlmann-Schutz\",\"isPartOf\":{\"@id\":\"https:\\\/\\\/www.ruhlmann-schutz.fr\\\/en\\\/#website\"},\"primaryImageOfPage\":{\"@id\":\"https:\\\/\\\/www.ruhlmann-schutz.fr\\\/en\\\/vins\\\/rose-chateau-valmont\\\/#primaryimage\"},\"image\":{\"@id\":\"https:\\\/\\\/www.ruhlmann-schutz.fr\\\/en\\\/vins\\\/rose-chateau-valmont\\\/#primaryimage\"},\"thumbnailUrl\":\"https:\\\/\\\/www.ruhlmann-schutz.fr\\\/wp-content\\\/uploads\\\/2018\\\/06\\\/Valmont-Larguez-les-amarres-2M.png\",\"datePublished\":\"2018-07-10T15:00:16+00:00\",\"dateModified\":\"2026-02-24T13:43:39+00:00\",\"description\":\"It's the ros\u00e9 wine that takes you on a journey. It's the ros\u00e9 wine that takes you on a journey.\",\"breadcrumb\":{\"@id\":\"https:\\\/\\\/www.ruhlmann-schutz.fr\\\/en\\\/vins\\\/rose-chateau-valmont\\\/#breadcrumb\"},\"inLanguage\":\"en-US\",\"potentialAction\":[{\"@type\":\"ReadAction\",\"target\":[\"https:\\\/\\\/www.ruhlmann-schutz.fr\\\/en\\\/vins\\\/rose-chateau-valmont\\\/\"]}]},{\"@type\":\"ImageObject\",\"inLanguage\":\"en-US\",\"@id\":\"https:\\\/\\\/www.ruhlmann-schutz.fr\\\/en\\\/vins\\\/rose-chateau-valmont\\\/#primaryimage\",\"url\":\"https:\\\/\\\/www.ruhlmann-schutz.fr\\\/wp-content\\\/uploads\\\/2018\\\/06\\\/Valmont-Larguez-les-amarres-2M.png\",\"contentUrl\":\"https:\\\/\\\/www.ruhlmann-schutz.fr\\\/wp-content\\\/uploads\\\/2018\\\/06\\\/Valmont-Larguez-les-amarres-2M.png\",\"width\":700,\"height\":2441},{\"@type\":\"BreadcrumbList\",\"@id\":\"https:\\\/\\\/www.ruhlmann-schutz.fr\\\/en\\\/vins\\\/rose-chateau-valmont\\\/#breadcrumb\",\"itemListElement\":[{\"@type\":\"ListItem\",\"position\":1,\"name\":\"Accueil\",\"item\":\"https:\\\/\\\/www.ruhlmann-schutz.fr\\\/en\\\/\"},{\"@type\":\"ListItem\",\"position\":2,\"name\":\"Our Alsace\u2019s and Corbi\u00e8res\u2019s wines\",\"item\":\"https:\\\/\\\/www.ruhlmann-schutz.fr\\\/en\\\/shop\\\/\"},{\"@type\":\"ListItem\",\"position\":3,\"name\":\"Wines of Languedoc\",\"item\":\"https:\\\/\\\/www.ruhlmann-schutz.fr\\\/en\\\/vins-alsace-et-corbieres\\\/chateau-valmont-corbieres\\\/\"},{\"@type\":\"ListItem\",\"position\":4,\"name\":\"Larguez les Amarres ! &#8211; Ch\u00e2teau Valmont ros\u00e9\"}]},{\"@type\":\"WebSite\",\"@id\":\"https:\\\/\\\/www.ruhlmann-schutz.fr\\\/en\\\/#website\",\"url\":\"https:\\\/\\\/www.ruhlmann-schutz.fr\\\/en\\\/\",\"name\":\"Les Vignobles Ruhlmann-Schutz\",\"description\":\"Vins d&#039;Alsace et du Languedoc\",\"publisher\":{\"@id\":\"https:\\\/\\\/www.ruhlmann-schutz.fr\\\/en\\\/#organization\"},\"potentialAction\":[{\"@type\":\"SearchAction\",\"target\":{\"@type\":\"EntryPoint\",\"urlTemplate\":\"https:\\\/\\\/www.ruhlmann-schutz.fr\\\/en\\\/?s={search_term_string}\"},\"query-input\":{\"@type\":\"PropertyValueSpecification\",\"valueRequired\":true,\"valueName\":\"search_term_string\"}}],\"inLanguage\":\"en-US\"},{\"@type\":\"Organization\",\"@id\":\"https:\\\/\\\/www.ruhlmann-schutz.fr\\\/en\\\/#organization\",\"name\":\"Les Vignobles Ruhlmann-Schutz\",\"url\":\"https:\\\/\\\/www.ruhlmann-schutz.fr\\\/en\\\/\",\"logo\":{\"@type\":\"ImageObject\",\"inLanguage\":\"en-US\",\"@id\":\"https:\\\/\\\/www.ruhlmann-schutz.fr\\\/en\\\/#\\\/schema\\\/logo\\\/image\\\/\",\"url\":\"https:\\\/\\\/www.ruhlmann-schutz.fr\\\/wp-content\\\/uploads\\\/2017\\\/06\\\/vignobles-ruhlmann-schutz-social.png\",\"contentUrl\":\"https:\\\/\\\/www.ruhlmann-schutz.fr\\\/wp-content\\\/uploads\\\/2017\\\/06\\\/vignobles-ruhlmann-schutz-social.png\",\"width\":400,\"height\":400,\"caption\":\"Les Vignobles Ruhlmann-Schutz\"},\"image\":{\"@id\":\"https:\\\/\\\/www.ruhlmann-schutz.fr\\\/en\\\/#\\\/schema\\\/logo\\\/image\\\/\"},\"sameAs\":[\"https:\\\/\\\/www.facebook.com\\\/RuhlmannSchutz\\\/\",\"https:\\\/\\\/x.com\\\/ruhlmannschutz\",\"https:\\\/\\\/www.instagram.com\\\/ruhlmannschutz\\\/\",\"https:\\\/\\\/www.youtube.com\\\/channel\\\/UCl74BhQvg1IeEwdPxFD35zg\"]}]}<\/script>\n<!-- \/ Yoast SEO plugin. -->","yoast_head_json":{"title":"Larguez les Amarres ! - Ch\u00e2teau Valmont ros\u00e9 &#8211; Famille Ruhlmann-Schutz","description":"It's the ros\u00e9 wine that takes you on a journey. It's the ros\u00e9 wine that takes you on a journey.","robots":{"index":"index","follow":"follow","max-snippet":"max-snippet:-1","max-image-preview":"max-image-preview:large","max-video-preview":"max-video-preview:-1"},"canonical":"https:\/\/www.ruhlmann-schutz.fr\/en\/vins\/rose-chateau-valmont\/","og_locale":"en_US","og_type":"article","og_title":"Larguez les Amarres ! - Ch\u00e2teau Valmont ros\u00e9 &#8211; Famille Ruhlmann-Schutz","og_description":"It's the ros\u00e9 wine that takes you on a journey. It's the ros\u00e9 wine that takes you on a journey.","og_url":"https:\/\/www.ruhlmann-schutz.fr\/en\/vins\/rose-chateau-valmont\/","og_site_name":"Famille Ruhlmann-Schutz","article_publisher":"https:\/\/www.facebook.com\/RuhlmannSchutz\/","article_modified_time":"2026-02-24T13:43:39+00:00","og_image":[{"width":700,"height":2441,"url":"https:\/\/www.ruhlmann-schutz.fr\/wp-content\/uploads\/2018\/06\/Valmont-Larguez-les-amarres-2M.png","type":"image\/png"}],"twitter_card":"summary_large_image","twitter_site":"@ruhlmannschutz","twitter_misc":{"Est. reading time":"1 minute"},"schema":{"@context":"https:\/\/schema.org","@graph":[{"@type":"WebPage","@id":"https:\/\/www.ruhlmann-schutz.fr\/en\/vins\/rose-chateau-valmont\/","url":"https:\/\/www.ruhlmann-schutz.fr\/en\/vins\/rose-chateau-valmont\/","name":"Larguez les Amarres ! - Ch\u00e2teau Valmont ros\u00e9 &#8211; Famille Ruhlmann-Schutz","isPartOf":{"@id":"https:\/\/www.ruhlmann-schutz.fr\/en\/#website"},"primaryImageOfPage":{"@id":"https:\/\/www.ruhlmann-schutz.fr\/en\/vins\/rose-chateau-valmont\/#primaryimage"},"image":{"@id":"https:\/\/www.ruhlmann-schutz.fr\/en\/vins\/rose-chateau-valmont\/#primaryimage"},"thumbnailUrl":"https:\/\/www.ruhlmann-schutz.fr\/wp-content\/uploads\/2018\/06\/Valmont-Larguez-les-amarres-2M.png","datePublished":"2018-07-10T15:00:16+00:00","dateModified":"2026-02-24T13:43:39+00:00","description":"It's the ros\u00e9 wine that takes you on a journey. It's the ros\u00e9 wine that takes you on a journey.","breadcrumb":{"@id":"https:\/\/www.ruhlmann-schutz.fr\/en\/vins\/rose-chateau-valmont\/#breadcrumb"},"inLanguage":"en-US","potentialAction":[{"@type":"ReadAction","target":["https:\/\/www.ruhlmann-schutz.fr\/en\/vins\/rose-chateau-valmont\/"]}]},{"@type":"ImageObject","inLanguage":"en-US","@id":"https:\/\/www.ruhlmann-schutz.fr\/en\/vins\/rose-chateau-valmont\/#primaryimage","url":"https:\/\/www.ruhlmann-schutz.fr\/wp-content\/uploads\/2018\/06\/Valmont-Larguez-les-amarres-2M.png","contentUrl":"https:\/\/www.ruhlmann-schutz.fr\/wp-content\/uploads\/2018\/06\/Valmont-Larguez-les-amarres-2M.png","width":700,"height":2441},{"@type":"BreadcrumbList","@id":"https:\/\/www.ruhlmann-schutz.fr\/en\/vins\/rose-chateau-valmont\/#breadcrumb","itemListElement":[{"@type":"ListItem","position":1,"name":"Accueil","item":"https:\/\/www.ruhlmann-schutz.fr\/en\/"},{"@type":"ListItem","position":2,"name":"Our Alsace\u2019s and Corbi\u00e8res\u2019s wines","item":"https:\/\/www.ruhlmann-schutz.fr\/en\/shop\/"},{"@type":"ListItem","position":3,"name":"Wines of Languedoc","item":"https:\/\/www.ruhlmann-schutz.fr\/en\/vins-alsace-et-corbieres\/chateau-valmont-corbieres\/"},{"@type":"ListItem","position":4,"name":"Larguez les Amarres ! &#8211; Ch\u00e2teau Valmont ros\u00e9"}]},{"@type":"WebSite","@id":"https:\/\/www.ruhlmann-schutz.fr\/en\/#website","url":"https:\/\/www.ruhlmann-schutz.fr\/en\/","name":"Les Vignobles Ruhlmann-Schutz","description":"Vins d&#039;Alsace et du Languedoc","publisher":{"@id":"https:\/\/www.ruhlmann-schutz.fr\/en\/#organization"},"potentialAction":[{"@type":"SearchAction","target":{"@type":"EntryPoint","urlTemplate":"https:\/\/www.ruhlmann-schutz.fr\/en\/?s={search_term_string}"},"query-input":{"@type":"PropertyValueSpecification","valueRequired":true,"valueName":"search_term_string"}}],"inLanguage":"en-US"},{"@type":"Organization","@id":"https:\/\/www.ruhlmann-schutz.fr\/en\/#organization","name":"Les Vignobles Ruhlmann-Schutz","url":"https:\/\/www.ruhlmann-schutz.fr\/en\/","logo":{"@type":"ImageObject","inLanguage":"en-US","@id":"https:\/\/www.ruhlmann-schutz.fr\/en\/#\/schema\/logo\/image\/","url":"https:\/\/www.ruhlmann-schutz.fr\/wp-content\/uploads\/2017\/06\/vignobles-ruhlmann-schutz-social.png","contentUrl":"https:\/\/www.ruhlmann-schutz.fr\/wp-content\/uploads\/2017\/06\/vignobles-ruhlmann-schutz-social.png","width":400,"height":400,"caption":"Les Vignobles Ruhlmann-Schutz"},"image":{"@id":"https:\/\/www.ruhlmann-schutz.fr\/en\/#\/schema\/logo\/image\/"},"sameAs":["https:\/\/www.facebook.com\/RuhlmannSchutz\/","https:\/\/x.com\/ruhlmannschutz","https:\/\/www.instagram.com\/ruhlmannschutz\/","https:\/\/www.youtube.com\/channel\/UCl74BhQvg1IeEwdPxFD35zg"]}]}},"_links":{"self":[{"href":"https:\/\/www.ruhlmann-schutz.fr\/en\/wp-json\/wp\/v2\/product\/1215","targetHints":{"allow":["GET"]}}],"collection":[{"href":"https:\/\/www.ruhlmann-schutz.fr\/en\/wp-json\/wp\/v2\/product"}],"about":[{"href":"https:\/\/www.ruhlmann-schutz.fr\/en\/wp-json\/wp\/v2\/types\/product"}],"replies":[{"embeddable":true,"href":"https:\/\/www.ruhlmann-schutz.fr\/en\/wp-json\/wp\/v2\/comments?post=1215"}],"wp:featuredmedia":[{"embeddable":true,"href":"https:\/\/www.ruhlmann-schutz.fr\/en\/wp-json\/wp\/v2\/media\/2961"}],"wp:attachment":[{"href":"https:\/\/www.ruhlmann-schutz.fr\/en\/wp-json\/wp\/v2\/media?parent=1215"}],"wp:term":[{"taxonomy":"product_brand","embeddable":true,"href":"https:\/\/www.ruhlmann-schutz.fr\/en\/wp-json\/wp\/v2\/product_brand?post=1215"},{"taxonomy":"product_cat","embeddable":true,"href":"https:\/\/www.ruhlmann-schutz.fr\/en\/wp-json\/wp\/v2\/product_cat?post=1215"},{"taxonomy":"product_tag","embeddable":true,"href":"https:\/\/www.ruhlmann-schutz.fr\/en\/wp-json\/wp\/v2\/product_tag?post=1215"}],"curies":[{"name":"wp","href":"https:\/\/api.w.org\/{rel}","templated":true}]}}