{"id":1481,"date":"2018-04-10T16:23:44","date_gmt":"2018-04-10T14:23:44","guid":{"rendered":"https:\/\/www.ruhlmann-schutz.fr\/?post_type=product&#038;p=1481"},"modified":"2026-02-24T11:55:05","modified_gmt":"2026-02-24T10:55:05","slug":"pinot-gris-tete-de-cuvee","status":"publish","type":"product","link":"https:\/\/www.ruhlmann-schutz.fr\/en\/vins\/pinot-gris-tete-de-cuvee\/","title":{"rendered":"Pinot Gris &#8211; T\u00eate de Cuv\u00e9e"},"content":{"rendered":"<p>This Pinot Gris T\u00eate de Cuv\u00e9e comes from our range of varietal wines. It is a wine to be appreciated now for its freshness and youth.<\/p>\n","protected":false},"excerpt":{"rendered":"<p>This Pinot Gris T\u00eate de Cuv\u00e9e comes from our range of varietal wines. It is a wine to be appreciated now for its freshness and youth.<\/p>\n","protected":false},"featured_media":3899,"comment_status":"open","ping_status":"closed","template":"","meta":{"_acf_changed":false},"product_brand":[],"product_cat":[145,225,396],"product_tag":[],"class_list":{"0":"post-1481","1":"product","2":"type-product","3":"status-publish","4":"has-post-thumbnail","6":"product_cat-grape-symphony","7":"product_cat-organic-wines-ruhlmann","8":"product_cat-selection-speciale-fetes","9":"product_shipping_class-bouteille-75-cl","10":"product_appellation-alsace-en","11":"product_accords-duck-confit","12":"product_accords-foie-gras-en","13":"product_accords-giblets","14":"cepage-pinot-gris-en","16":"first","17":"instock","18":"taxable","19":"shipping-taxable","20":"purchasable","21":"product-type-simple"},"acf":[],"yoast_head":"<!-- This site is optimized with the Yoast SEO plugin v27.3 - https:\/\/yoast.com\/product\/yoast-seo-wordpress\/ -->\n<title>Pinot Gris - T\u00eate de Cuv\u00e9e &#8211; Famille Ruhlmann-Schutz<\/title>\n<meta name=\"description\" content=\"This Pinot Gris T\u00eate de Cuv\u00e9e comes from our range of varietal wines. It is a wine to be appreciated now for its freshness and youth. This Pinot Gris T\u00eate de Cuv\u00e9e comes from our range of varietal wines. It is a wine to be appreciated now for its freshness and youth.\" \/>\n<meta name=\"robots\" content=\"index, follow, max-snippet:-1, max-image-preview:large, max-video-preview:-1\" \/>\n<link rel=\"canonical\" href=\"https:\/\/www.ruhlmann-schutz.fr\/en\/vins\/pinot-gris-tete-de-cuvee\/\" \/>\n<meta property=\"og:locale\" content=\"en_US\" \/>\n<meta property=\"og:type\" content=\"article\" \/>\n<meta property=\"og:title\" content=\"Pinot Gris - T\u00eate de Cuv\u00e9e &#8211; Famille Ruhlmann-Schutz\" \/>\n<meta property=\"og:description\" content=\"This Pinot Gris T\u00eate de Cuv\u00e9e comes from our range of varietal wines. It is a wine to be appreciated now for its freshness and youth. This Pinot Gris T\u00eate de Cuv\u00e9e comes from our range of varietal wines. It is a wine to be appreciated now for its freshness and youth.\" \/>\n<meta property=\"og:url\" content=\"https:\/\/www.ruhlmann-schutz.fr\/en\/vins\/pinot-gris-tete-de-cuvee\/\" \/>\n<meta property=\"og:site_name\" content=\"Famille Ruhlmann-Schutz\" \/>\n<meta property=\"article:publisher\" content=\"https:\/\/www.facebook.com\/RuhlmannSchutz\/\" \/>\n<meta property=\"article:modified_time\" content=\"2026-02-24T10:55:05+00:00\" \/>\n<meta property=\"og:image\" content=\"https:\/\/www.ruhlmann-schutz.fr\/wp-content\/uploads\/2018\/04\/pinot-gris-tete-de-cuvee-2-scaled.png\" \/>\n\t<meta property=\"og:image:width\" content=\"660\" \/>\n\t<meta property=\"og:image:height\" content=\"2560\" \/>\n\t<meta property=\"og:image:type\" content=\"image\/png\" \/>\n<meta name=\"twitter:card\" content=\"summary_large_image\" \/>\n<meta name=\"twitter:site\" content=\"@ruhlmannschutz\" \/>\n<meta name=\"twitter:label1\" content=\"Est. reading time\" \/>\n\t<meta name=\"twitter:data1\" content=\"1 minute\" \/>\n<script type=\"application\/ld+json\" class=\"yoast-schema-graph\">{\"@context\":\"https:\\\/\\\/schema.org\",\"@graph\":[{\"@type\":\"WebPage\",\"@id\":\"https:\\\/\\\/www.ruhlmann-schutz.fr\\\/en\\\/vins\\\/pinot-gris-tete-de-cuvee\\\/\",\"url\":\"https:\\\/\\\/www.ruhlmann-schutz.fr\\\/en\\\/vins\\\/pinot-gris-tete-de-cuvee\\\/\",\"name\":\"Pinot Gris - T\u00eate de Cuv\u00e9e &#8211; Famille Ruhlmann-Schutz\",\"isPartOf\":{\"@id\":\"https:\\\/\\\/www.ruhlmann-schutz.fr\\\/en\\\/#website\"},\"primaryImageOfPage\":{\"@id\":\"https:\\\/\\\/www.ruhlmann-schutz.fr\\\/en\\\/vins\\\/pinot-gris-tete-de-cuvee\\\/#primaryimage\"},\"image\":{\"@id\":\"https:\\\/\\\/www.ruhlmann-schutz.fr\\\/en\\\/vins\\\/pinot-gris-tete-de-cuvee\\\/#primaryimage\"},\"thumbnailUrl\":\"https:\\\/\\\/www.ruhlmann-schutz.fr\\\/wp-content\\\/uploads\\\/2018\\\/04\\\/pinot-gris-tete-de-cuvee-2-scaled.png\",\"datePublished\":\"2018-04-10T14:23:44+00:00\",\"dateModified\":\"2026-02-24T10:55:05+00:00\",\"description\":\"This Pinot Gris T\u00eate de Cuv\u00e9e comes from our range of varietal wines. It is a wine to be appreciated now for its freshness and youth. This Pinot Gris T\u00eate de Cuv\u00e9e comes from our range of varietal wines. It is a wine to be appreciated now for its freshness and youth.\",\"breadcrumb\":{\"@id\":\"https:\\\/\\\/www.ruhlmann-schutz.fr\\\/en\\\/vins\\\/pinot-gris-tete-de-cuvee\\\/#breadcrumb\"},\"inLanguage\":\"en-US\",\"potentialAction\":[{\"@type\":\"ReadAction\",\"target\":[\"https:\\\/\\\/www.ruhlmann-schutz.fr\\\/en\\\/vins\\\/pinot-gris-tete-de-cuvee\\\/\"]}]},{\"@type\":\"ImageObject\",\"inLanguage\":\"en-US\",\"@id\":\"https:\\\/\\\/www.ruhlmann-schutz.fr\\\/en\\\/vins\\\/pinot-gris-tete-de-cuvee\\\/#primaryimage\",\"url\":\"https:\\\/\\\/www.ruhlmann-schutz.fr\\\/wp-content\\\/uploads\\\/2018\\\/04\\\/pinot-gris-tete-de-cuvee-2-scaled.png\",\"contentUrl\":\"https:\\\/\\\/www.ruhlmann-schutz.fr\\\/wp-content\\\/uploads\\\/2018\\\/04\\\/pinot-gris-tete-de-cuvee-2-scaled.png\",\"width\":660,\"height\":2560,\"caption\":\"pinot gris tete de cuvee\"},{\"@type\":\"BreadcrumbList\",\"@id\":\"https:\\\/\\\/www.ruhlmann-schutz.fr\\\/en\\\/vins\\\/pinot-gris-tete-de-cuvee\\\/#breadcrumb\",\"itemListElement\":[{\"@type\":\"ListItem\",\"position\":1,\"name\":\"Accueil\",\"item\":\"https:\\\/\\\/www.ruhlmann-schutz.fr\\\/en\\\/\"},{\"@type\":\"ListItem\",\"position\":2,\"name\":\"Our Alsace\u2019s and Corbi\u00e8res\u2019s wines\",\"item\":\"https:\\\/\\\/www.ruhlmann-schutz.fr\\\/en\\\/shop\\\/\"},{\"@type\":\"ListItem\",\"position\":3,\"name\":\"Wines of Alsace\",\"item\":\"https:\\\/\\\/www.ruhlmann-schutz.fr\\\/en\\\/vins-alsace-et-corbieres\\\/ruhlmann-alsace-wines\\\/\"},{\"@type\":\"ListItem\",\"position\":4,\"name\":\"Grape Symphony\",\"item\":\"https:\\\/\\\/www.ruhlmann-schutz.fr\\\/en\\\/vins-alsace-et-corbieres\\\/ruhlmann-alsace-wines\\\/grape-symphony\\\/\"},{\"@type\":\"ListItem\",\"position\":5,\"name\":\"Pinot Gris &#8211; T\u00eate de Cuv\u00e9e\"}]},{\"@type\":\"WebSite\",\"@id\":\"https:\\\/\\\/www.ruhlmann-schutz.fr\\\/en\\\/#website\",\"url\":\"https:\\\/\\\/www.ruhlmann-schutz.fr\\\/en\\\/\",\"name\":\"Les Vignobles Ruhlmann-Schutz\",\"description\":\"Vins d&#039;Alsace et du Languedoc\",\"publisher\":{\"@id\":\"https:\\\/\\\/www.ruhlmann-schutz.fr\\\/en\\\/#organization\"},\"potentialAction\":[{\"@type\":\"SearchAction\",\"target\":{\"@type\":\"EntryPoint\",\"urlTemplate\":\"https:\\\/\\\/www.ruhlmann-schutz.fr\\\/en\\\/?s={search_term_string}\"},\"query-input\":{\"@type\":\"PropertyValueSpecification\",\"valueRequired\":true,\"valueName\":\"search_term_string\"}}],\"inLanguage\":\"en-US\"},{\"@type\":\"Organization\",\"@id\":\"https:\\\/\\\/www.ruhlmann-schutz.fr\\\/en\\\/#organization\",\"name\":\"Les Vignobles Ruhlmann-Schutz\",\"url\":\"https:\\\/\\\/www.ruhlmann-schutz.fr\\\/en\\\/\",\"logo\":{\"@type\":\"ImageObject\",\"inLanguage\":\"en-US\",\"@id\":\"https:\\\/\\\/www.ruhlmann-schutz.fr\\\/en\\\/#\\\/schema\\\/logo\\\/image\\\/\",\"url\":\"https:\\\/\\\/www.ruhlmann-schutz.fr\\\/wp-content\\\/uploads\\\/2017\\\/06\\\/vignobles-ruhlmann-schutz-social.png\",\"contentUrl\":\"https:\\\/\\\/www.ruhlmann-schutz.fr\\\/wp-content\\\/uploads\\\/2017\\\/06\\\/vignobles-ruhlmann-schutz-social.png\",\"width\":400,\"height\":400,\"caption\":\"Les Vignobles Ruhlmann-Schutz\"},\"image\":{\"@id\":\"https:\\\/\\\/www.ruhlmann-schutz.fr\\\/en\\\/#\\\/schema\\\/logo\\\/image\\\/\"},\"sameAs\":[\"https:\\\/\\\/www.facebook.com\\\/RuhlmannSchutz\\\/\",\"https:\\\/\\\/x.com\\\/ruhlmannschutz\",\"https:\\\/\\\/www.instagram.com\\\/ruhlmannschutz\\\/\",\"https:\\\/\\\/www.youtube.com\\\/channel\\\/UCl74BhQvg1IeEwdPxFD35zg\"]}]}<\/script>\n<!-- \/ Yoast SEO plugin. -->","yoast_head_json":{"title":"Pinot Gris - T\u00eate de Cuv\u00e9e &#8211; Famille Ruhlmann-Schutz","description":"This Pinot Gris T\u00eate de Cuv\u00e9e comes from our range of varietal wines. It is a wine to be appreciated now for its freshness and youth. This Pinot Gris T\u00eate de Cuv\u00e9e comes from our range of varietal wines. It is a wine to be appreciated now for its freshness and youth.","robots":{"index":"index","follow":"follow","max-snippet":"max-snippet:-1","max-image-preview":"max-image-preview:large","max-video-preview":"max-video-preview:-1"},"canonical":"https:\/\/www.ruhlmann-schutz.fr\/en\/vins\/pinot-gris-tete-de-cuvee\/","og_locale":"en_US","og_type":"article","og_title":"Pinot Gris - T\u00eate de Cuv\u00e9e &#8211; Famille Ruhlmann-Schutz","og_description":"This Pinot Gris T\u00eate de Cuv\u00e9e comes from our range of varietal wines. It is a wine to be appreciated now for its freshness and youth. This Pinot Gris T\u00eate de Cuv\u00e9e comes from our range of varietal wines. It is a wine to be appreciated now for its freshness and youth.","og_url":"https:\/\/www.ruhlmann-schutz.fr\/en\/vins\/pinot-gris-tete-de-cuvee\/","og_site_name":"Famille Ruhlmann-Schutz","article_publisher":"https:\/\/www.facebook.com\/RuhlmannSchutz\/","article_modified_time":"2026-02-24T10:55:05+00:00","og_image":[{"width":660,"height":2560,"url":"https:\/\/www.ruhlmann-schutz.fr\/wp-content\/uploads\/2018\/04\/pinot-gris-tete-de-cuvee-2-scaled.png","type":"image\/png"}],"twitter_card":"summary_large_image","twitter_site":"@ruhlmannschutz","twitter_misc":{"Est. reading time":"1 minute"},"schema":{"@context":"https:\/\/schema.org","@graph":[{"@type":"WebPage","@id":"https:\/\/www.ruhlmann-schutz.fr\/en\/vins\/pinot-gris-tete-de-cuvee\/","url":"https:\/\/www.ruhlmann-schutz.fr\/en\/vins\/pinot-gris-tete-de-cuvee\/","name":"Pinot Gris - T\u00eate de Cuv\u00e9e &#8211; Famille Ruhlmann-Schutz","isPartOf":{"@id":"https:\/\/www.ruhlmann-schutz.fr\/en\/#website"},"primaryImageOfPage":{"@id":"https:\/\/www.ruhlmann-schutz.fr\/en\/vins\/pinot-gris-tete-de-cuvee\/#primaryimage"},"image":{"@id":"https:\/\/www.ruhlmann-schutz.fr\/en\/vins\/pinot-gris-tete-de-cuvee\/#primaryimage"},"thumbnailUrl":"https:\/\/www.ruhlmann-schutz.fr\/wp-content\/uploads\/2018\/04\/pinot-gris-tete-de-cuvee-2-scaled.png","datePublished":"2018-04-10T14:23:44+00:00","dateModified":"2026-02-24T10:55:05+00:00","description":"This Pinot Gris T\u00eate de Cuv\u00e9e comes from our range of varietal wines. It is a wine to be appreciated now for its freshness and youth. This Pinot Gris T\u00eate de Cuv\u00e9e comes from our range of varietal wines. It is a wine to be appreciated now for its freshness and youth.","breadcrumb":{"@id":"https:\/\/www.ruhlmann-schutz.fr\/en\/vins\/pinot-gris-tete-de-cuvee\/#breadcrumb"},"inLanguage":"en-US","potentialAction":[{"@type":"ReadAction","target":["https:\/\/www.ruhlmann-schutz.fr\/en\/vins\/pinot-gris-tete-de-cuvee\/"]}]},{"@type":"ImageObject","inLanguage":"en-US","@id":"https:\/\/www.ruhlmann-schutz.fr\/en\/vins\/pinot-gris-tete-de-cuvee\/#primaryimage","url":"https:\/\/www.ruhlmann-schutz.fr\/wp-content\/uploads\/2018\/04\/pinot-gris-tete-de-cuvee-2-scaled.png","contentUrl":"https:\/\/www.ruhlmann-schutz.fr\/wp-content\/uploads\/2018\/04\/pinot-gris-tete-de-cuvee-2-scaled.png","width":660,"height":2560,"caption":"pinot gris tete de cuvee"},{"@type":"BreadcrumbList","@id":"https:\/\/www.ruhlmann-schutz.fr\/en\/vins\/pinot-gris-tete-de-cuvee\/#breadcrumb","itemListElement":[{"@type":"ListItem","position":1,"name":"Accueil","item":"https:\/\/www.ruhlmann-schutz.fr\/en\/"},{"@type":"ListItem","position":2,"name":"Our Alsace\u2019s and Corbi\u00e8res\u2019s wines","item":"https:\/\/www.ruhlmann-schutz.fr\/en\/shop\/"},{"@type":"ListItem","position":3,"name":"Wines of Alsace","item":"https:\/\/www.ruhlmann-schutz.fr\/en\/vins-alsace-et-corbieres\/ruhlmann-alsace-wines\/"},{"@type":"ListItem","position":4,"name":"Grape Symphony","item":"https:\/\/www.ruhlmann-schutz.fr\/en\/vins-alsace-et-corbieres\/ruhlmann-alsace-wines\/grape-symphony\/"},{"@type":"ListItem","position":5,"name":"Pinot Gris &#8211; T\u00eate de Cuv\u00e9e"}]},{"@type":"WebSite","@id":"https:\/\/www.ruhlmann-schutz.fr\/en\/#website","url":"https:\/\/www.ruhlmann-schutz.fr\/en\/","name":"Les Vignobles Ruhlmann-Schutz","description":"Vins d&#039;Alsace et du Languedoc","publisher":{"@id":"https:\/\/www.ruhlmann-schutz.fr\/en\/#organization"},"potentialAction":[{"@type":"SearchAction","target":{"@type":"EntryPoint","urlTemplate":"https:\/\/www.ruhlmann-schutz.fr\/en\/?s={search_term_string}"},"query-input":{"@type":"PropertyValueSpecification","valueRequired":true,"valueName":"search_term_string"}}],"inLanguage":"en-US"},{"@type":"Organization","@id":"https:\/\/www.ruhlmann-schutz.fr\/en\/#organization","name":"Les Vignobles Ruhlmann-Schutz","url":"https:\/\/www.ruhlmann-schutz.fr\/en\/","logo":{"@type":"ImageObject","inLanguage":"en-US","@id":"https:\/\/www.ruhlmann-schutz.fr\/en\/#\/schema\/logo\/image\/","url":"https:\/\/www.ruhlmann-schutz.fr\/wp-content\/uploads\/2017\/06\/vignobles-ruhlmann-schutz-social.png","contentUrl":"https:\/\/www.ruhlmann-schutz.fr\/wp-content\/uploads\/2017\/06\/vignobles-ruhlmann-schutz-social.png","width":400,"height":400,"caption":"Les Vignobles Ruhlmann-Schutz"},"image":{"@id":"https:\/\/www.ruhlmann-schutz.fr\/en\/#\/schema\/logo\/image\/"},"sameAs":["https:\/\/www.facebook.com\/RuhlmannSchutz\/","https:\/\/x.com\/ruhlmannschutz","https:\/\/www.instagram.com\/ruhlmannschutz\/","https:\/\/www.youtube.com\/channel\/UCl74BhQvg1IeEwdPxFD35zg"]}]}},"_links":{"self":[{"href":"https:\/\/www.ruhlmann-schutz.fr\/en\/wp-json\/wp\/v2\/product\/1481","targetHints":{"allow":["GET"]}}],"collection":[{"href":"https:\/\/www.ruhlmann-schutz.fr\/en\/wp-json\/wp\/v2\/product"}],"about":[{"href":"https:\/\/www.ruhlmann-schutz.fr\/en\/wp-json\/wp\/v2\/types\/product"}],"replies":[{"embeddable":true,"href":"https:\/\/www.ruhlmann-schutz.fr\/en\/wp-json\/wp\/v2\/comments?post=1481"}],"wp:featuredmedia":[{"embeddable":true,"href":"https:\/\/www.ruhlmann-schutz.fr\/en\/wp-json\/wp\/v2\/media\/3899"}],"wp:attachment":[{"href":"https:\/\/www.ruhlmann-schutz.fr\/en\/wp-json\/wp\/v2\/media?parent=1481"}],"wp:term":[{"taxonomy":"product_brand","embeddable":true,"href":"https:\/\/www.ruhlmann-schutz.fr\/en\/wp-json\/wp\/v2\/product_brand?post=1481"},{"taxonomy":"product_cat","embeddable":true,"href":"https:\/\/www.ruhlmann-schutz.fr\/en\/wp-json\/wp\/v2\/product_cat?post=1481"},{"taxonomy":"product_tag","embeddable":true,"href":"https:\/\/www.ruhlmann-schutz.fr\/en\/wp-json\/wp\/v2\/product_tag?post=1481"}],"curies":[{"name":"wp","href":"https:\/\/api.w.org\/{rel}","templated":true}]}}